{"id":1595,"date":"2021-05-05T18:33:54","date_gmt":"2021-05-05T15:33:54","guid":{"rendered":"http:\/\/www.kutupsogutma.net\/?post_type=product&#038;p=1595"},"modified":"2021-05-05T18:34:47","modified_gmt":"2021-05-05T15:34:47","slug":"expansion-valf-termostatik-genlesme-vanasi-5-8-flica-sgt0004","status":"publish","type":"product","link":"http:\/\/www.kutupsogutma.net\/?product=expansion-valf-termostatik-genlesme-vanasi-5-8-flica-sgt0004","title":{"rendered":"EXPANSION VALF TERMOSTAT\u0130K GENLE\u015eME VANASI 5\/8 FL\u0130CA SGT0004"},"content":{"rendered":"<p>EXPANSION VALF TERMOSTAT\u0130K GENLE\u015eME VANASI 5\/8 FL\u0130CA SGT0004<\/p>\n","protected":false},"excerpt":{"rendered":"<p>EXPANSION VALF TERMOSTAT\u0130K GENLE\u015eME VANASI 5\/8 FL\u0130CA SGT0004<\/p>\n","protected":false},"featured_media":1596,"comment_status":"open","ping_status":"closed","template":"","meta":[],"product_cat":[122,121],"product_tag":[1691,1690],"_links":{"self":[{"href":"http:\/\/www.kutupsogutma.net\/index.php?rest_route=\/wp\/v2\/product\/1595"}],"collection":[{"href":"http:\/\/www.kutupsogutma.net\/index.php?rest_route=\/wp\/v2\/product"}],"about":[{"href":"http:\/\/www.kutupsogutma.net\/index.php?rest_route=\/wp\/v2\/types\/product"}],"replies":[{"embeddable":true,"href":"http:\/\/www.kutupsogutma.net\/index.php?rest_route=%2Fwp%2Fv2%2Fcomments&post=1595"}],"wp:featuredmedia":[{"embeddable":true,"href":"http:\/\/www.kutupsogutma.net\/index.php?rest_route=\/wp\/v2\/media\/1596"}],"wp:attachment":[{"href":"http:\/\/www.kutupsogutma.net\/index.php?rest_route=%2Fwp%2Fv2%2Fmedia&parent=1595"}],"wp:term":[{"taxonomy":"product_cat","embeddable":true,"href":"http:\/\/www.kutupsogutma.net\/index.php?rest_route=%2Fwp%2Fv2%2Fproduct_cat&post=1595"},{"taxonomy":"product_tag","embeddable":true,"href":"http:\/\/www.kutupsogutma.net\/index.php?rest_route=%2Fwp%2Fv2%2Fproduct_tag&post=1595"}],"curies":[{"name":"wp","href":"https:\/\/api.w.org\/{rel}","templated":true}]}}