{"id":1583,"date":"2021-05-05T18:25:18","date_gmt":"2021-05-05T15:25:18","guid":{"rendered":"http:\/\/www.kutupsogutma.net\/?post_type=product&#038;p=1583"},"modified":"2021-05-05T18:26:09","modified_gmt":"2021-05-05T15:26:09","slug":"kombi-diyafram-conta-demirdokum-kulakli-kom7013","status":"publish","type":"product","link":"http:\/\/www.kutupsogutma.net\/?product=kombi-diyafram-conta-demirdokum-kulakli-kom7013","title":{"rendered":"KOMB\u0130 D\u0130YAFRAM CONTA DEM\u0130RD\u00d6K\u00dcM KULAKLI KOM7013"},"content":{"rendered":"<p>KOMB\u0130 D\u0130YAFRAM CONTA DEM\u0130RD\u00d6K\u00dcM KULAKLI KOM7013<\/p>\n","protected":false},"excerpt":{"rendered":"<p>KOMB\u0130 D\u0130YAFRAM CONTA DEM\u0130RD\u00d6K\u00dcM KULAKLI KOM7013<\/p>\n","protected":false},"featured_media":1584,"comment_status":"open","ping_status":"closed","template":"","meta":[],"product_cat":[120,24],"product_tag":[1679,1678],"_links":{"self":[{"href":"http:\/\/www.kutupsogutma.net\/index.php?rest_route=\/wp\/v2\/product\/1583"}],"collection":[{"href":"http:\/\/www.kutupsogutma.net\/index.php?rest_route=\/wp\/v2\/product"}],"about":[{"href":"http:\/\/www.kutupsogutma.net\/index.php?rest_route=\/wp\/v2\/types\/product"}],"replies":[{"embeddable":true,"href":"http:\/\/www.kutupsogutma.net\/index.php?rest_route=%2Fwp%2Fv2%2Fcomments&post=1583"}],"wp:featuredmedia":[{"embeddable":true,"href":"http:\/\/www.kutupsogutma.net\/index.php?rest_route=\/wp\/v2\/media\/1584"}],"wp:attachment":[{"href":"http:\/\/www.kutupsogutma.net\/index.php?rest_route=%2Fwp%2Fv2%2Fmedia&parent=1583"}],"wp:term":[{"taxonomy":"product_cat","embeddable":true,"href":"http:\/\/www.kutupsogutma.net\/index.php?rest_route=%2Fwp%2Fv2%2Fproduct_cat&post=1583"},{"taxonomy":"product_tag","embeddable":true,"href":"http:\/\/www.kutupsogutma.net\/index.php?rest_route=%2Fwp%2Fv2%2Fproduct_tag&post=1583"}],"curies":[{"name":"wp","href":"https:\/\/api.w.org\/{rel}","templated":true}]}}