{"id":1581,"date":"2021-05-05T18:24:20","date_gmt":"2021-05-05T15:24:20","guid":{"rendered":"http:\/\/www.kutupsogutma.net\/?post_type=product&#038;p=1581"},"modified":"2021-05-05T18:25:12","modified_gmt":"2021-05-05T15:25:12","slug":"kombi-diyafram-conta-auer-baretta-kom7012","status":"publish","type":"product","link":"http:\/\/www.kutupsogutma.net\/?product=kombi-diyafram-conta-auer-baretta-kom7012","title":{"rendered":"KOMB\u0130 D\u0130YAFRAM CONTA AUER-BARETTA KOM7012"},"content":{"rendered":"<p>KOMB\u0130 D\u0130YAFRAM CONTA AUER-BARETTA KOM7012<\/p>\n","protected":false},"excerpt":{"rendered":"<p>KOMB\u0130 D\u0130YAFRAM CONTA AUER-BARETTA KOM7012<\/p>\n","protected":false},"featured_media":1582,"comment_status":"open","ping_status":"closed","template":"","meta":[],"product_cat":[120,24],"product_tag":[1677,1676],"_links":{"self":[{"href":"http:\/\/www.kutupsogutma.net\/index.php?rest_route=\/wp\/v2\/product\/1581"}],"collection":[{"href":"http:\/\/www.kutupsogutma.net\/index.php?rest_route=\/wp\/v2\/product"}],"about":[{"href":"http:\/\/www.kutupsogutma.net\/index.php?rest_route=\/wp\/v2\/types\/product"}],"replies":[{"embeddable":true,"href":"http:\/\/www.kutupsogutma.net\/index.php?rest_route=%2Fwp%2Fv2%2Fcomments&post=1581"}],"wp:featuredmedia":[{"embeddable":true,"href":"http:\/\/www.kutupsogutma.net\/index.php?rest_route=\/wp\/v2\/media\/1582"}],"wp:attachment":[{"href":"http:\/\/www.kutupsogutma.net\/index.php?rest_route=%2Fwp%2Fv2%2Fmedia&parent=1581"}],"wp:term":[{"taxonomy":"product_cat","embeddable":true,"href":"http:\/\/www.kutupsogutma.net\/index.php?rest_route=%2Fwp%2Fv2%2Fproduct_cat&post=1581"},{"taxonomy":"product_tag","embeddable":true,"href":"http:\/\/www.kutupsogutma.net\/index.php?rest_route=%2Fwp%2Fv2%2Fproduct_tag&post=1581"}],"curies":[{"name":"wp","href":"https:\/\/api.w.org\/{rel}","templated":true}]}}