{"id":158,"date":"2021-04-27T10:47:23","date_gmt":"2021-04-27T07:47:23","guid":{"rendered":"http:\/\/www.kutupsogutma.net\/?post_type=product&#038;p=158"},"modified":"2021-04-27T10:47:23","modified_gmt":"2021-04-27T07:47:23","slug":"buzdolabi-kapi-kol-vestel-universal-beyaz-185-cm-deliksiz-bzd8006","status":"publish","type":"product","link":"http:\/\/www.kutupsogutma.net\/?product=buzdolabi-kapi-kol-vestel-universal-beyaz-185-cm-deliksiz-bzd8006","title":{"rendered":"BUZDOLABI KAPI KOL VESTEL UNIVERSAL BEYAZ 18,5 CM DEL\u0130KS\u0130Z BZD8006"},"content":{"rendered":"<p><span style=\"vertical-align: inherit;\"><span style=\"vertical-align: inherit;\">BUZDOLABI KAPI KOL VESTEL \u00dcN\u0130VERSAL BEYAZ 18,5 CM DEL\u0130KS\u0130Z BZD8006<\/span><\/span><\/p>\n","protected":false},"excerpt":{"rendered":"<p>BUZDOLABI KAPI KOL VESTEL \u00dcN\u0130VERSAL BEYAZ 18,5 CM DEL\u0130KS\u0130Z BZD8006<\/p>\n","protected":false},"featured_media":159,"comment_status":"open","ping_status":"closed","template":"","meta":[],"product_cat":[41,19],"product_tag":[],"_links":{"self":[{"href":"http:\/\/www.kutupsogutma.net\/index.php?rest_route=\/wp\/v2\/product\/158"}],"collection":[{"href":"http:\/\/www.kutupsogutma.net\/index.php?rest_route=\/wp\/v2\/product"}],"about":[{"href":"http:\/\/www.kutupsogutma.net\/index.php?rest_route=\/wp\/v2\/types\/product"}],"replies":[{"embeddable":true,"href":"http:\/\/www.kutupsogutma.net\/index.php?rest_route=%2Fwp%2Fv2%2Fcomments&post=158"}],"wp:featuredmedia":[{"embeddable":true,"href":"http:\/\/www.kutupsogutma.net\/index.php?rest_route=\/wp\/v2\/media\/159"}],"wp:attachment":[{"href":"http:\/\/www.kutupsogutma.net\/index.php?rest_route=%2Fwp%2Fv2%2Fmedia&parent=158"}],"wp:term":[{"taxonomy":"product_cat","embeddable":true,"href":"http:\/\/www.kutupsogutma.net\/index.php?rest_route=%2Fwp%2Fv2%2Fproduct_cat&post=158"},{"taxonomy":"product_tag","embeddable":true,"href":"http:\/\/www.kutupsogutma.net\/index.php?rest_route=%2Fwp%2Fv2%2Fproduct_tag&post=158"}],"curies":[{"name":"wp","href":"https:\/\/api.w.org\/{rel}","templated":true}]}}