{"id":1577,"date":"2021-05-05T18:22:20","date_gmt":"2021-05-05T15:22:20","guid":{"rendered":"http:\/\/www.kutupsogutma.net\/?post_type=product&#038;p=1577"},"modified":"2021-05-05T18:23:16","modified_gmt":"2021-05-05T15:23:16","slug":"kombi-diyafram-conta-dogsan-kom7015","status":"publish","type":"product","link":"http:\/\/www.kutupsogutma.net\/?product=kombi-diyafram-conta-dogsan-kom7015","title":{"rendered":"KOMB\u0130 D\u0130YAFRAM CONTA DO\u011eSAN KOM7015"},"content":{"rendered":"<p>KOMB\u0130 D\u0130YAFRAM CONTA DO\u011eSAN KOM7015<\/p>\n","protected":false},"excerpt":{"rendered":"<p>KOMB\u0130 D\u0130YAFRAM CONTA DO\u011eSAN KOM7015<\/p>\n","protected":false},"featured_media":1578,"comment_status":"open","ping_status":"closed","template":"","meta":[],"product_cat":[120,24],"product_tag":[1673,1672],"_links":{"self":[{"href":"http:\/\/www.kutupsogutma.net\/index.php?rest_route=\/wp\/v2\/product\/1577"}],"collection":[{"href":"http:\/\/www.kutupsogutma.net\/index.php?rest_route=\/wp\/v2\/product"}],"about":[{"href":"http:\/\/www.kutupsogutma.net\/index.php?rest_route=\/wp\/v2\/types\/product"}],"replies":[{"embeddable":true,"href":"http:\/\/www.kutupsogutma.net\/index.php?rest_route=%2Fwp%2Fv2%2Fcomments&post=1577"}],"wp:featuredmedia":[{"embeddable":true,"href":"http:\/\/www.kutupsogutma.net\/index.php?rest_route=\/wp\/v2\/media\/1578"}],"wp:attachment":[{"href":"http:\/\/www.kutupsogutma.net\/index.php?rest_route=%2Fwp%2Fv2%2Fmedia&parent=1577"}],"wp:term":[{"taxonomy":"product_cat","embeddable":true,"href":"http:\/\/www.kutupsogutma.net\/index.php?rest_route=%2Fwp%2Fv2%2Fproduct_cat&post=1577"},{"taxonomy":"product_tag","embeddable":true,"href":"http:\/\/www.kutupsogutma.net\/index.php?rest_route=%2Fwp%2Fv2%2Fproduct_tag&post=1577"}],"curies":[{"name":"wp","href":"https:\/\/api.w.org\/{rel}","templated":true}]}}