{"id":1571,"date":"2021-05-05T18:18:34","date_gmt":"2021-05-05T15:18:34","guid":{"rendered":"http:\/\/www.kutupsogutma.net\/?post_type=product&#038;p=1571"},"modified":"2021-05-05T18:19:51","modified_gmt":"2021-05-05T15:19:51","slug":"kombi-diyafram-conta-alarko-immergas-buyuk-delikli-kom7008","status":"publish","type":"product","link":"http:\/\/www.kutupsogutma.net\/?product=kombi-diyafram-conta-alarko-immergas-buyuk-delikli-kom7008","title":{"rendered":"KOMB\u0130 D\u0130YAFRAM CONTA ALARKO-\u0130MMERGAS B\u00dcY\u00dcK DEL\u0130KL\u0130 KOM7008"},"content":{"rendered":"<p>KOMB\u0130 D\u0130YAFRAM CONTA ALARKO-\u0130MMERGAS B\u00dcY\u00dcK DEL\u0130KL\u0130 KOM7008<\/p>\n","protected":false},"excerpt":{"rendered":"<p>KOMB\u0130 D\u0130YAFRAM CONTA ALARKO-\u0130MMERGAS B\u00dcY\u00dcK DEL\u0130KL\u0130 KOM7008<\/p>\n","protected":false},"featured_media":1572,"comment_status":"open","ping_status":"closed","template":"","meta":[],"product_cat":[120,24],"product_tag":[1667,1666],"_links":{"self":[{"href":"http:\/\/www.kutupsogutma.net\/index.php?rest_route=\/wp\/v2\/product\/1571"}],"collection":[{"href":"http:\/\/www.kutupsogutma.net\/index.php?rest_route=\/wp\/v2\/product"}],"about":[{"href":"http:\/\/www.kutupsogutma.net\/index.php?rest_route=\/wp\/v2\/types\/product"}],"replies":[{"embeddable":true,"href":"http:\/\/www.kutupsogutma.net\/index.php?rest_route=%2Fwp%2Fv2%2Fcomments&post=1571"}],"wp:featuredmedia":[{"embeddable":true,"href":"http:\/\/www.kutupsogutma.net\/index.php?rest_route=\/wp\/v2\/media\/1572"}],"wp:attachment":[{"href":"http:\/\/www.kutupsogutma.net\/index.php?rest_route=%2Fwp%2Fv2%2Fmedia&parent=1571"}],"wp:term":[{"taxonomy":"product_cat","embeddable":true,"href":"http:\/\/www.kutupsogutma.net\/index.php?rest_route=%2Fwp%2Fv2%2Fproduct_cat&post=1571"},{"taxonomy":"product_tag","embeddable":true,"href":"http:\/\/www.kutupsogutma.net\/index.php?rest_route=%2Fwp%2Fv2%2Fproduct_tag&post=1571"}],"curies":[{"name":"wp","href":"https:\/\/api.w.org\/{rel}","templated":true}]}}