{"id":1567,"date":"2021-05-05T18:16:33","date_gmt":"2021-05-05T15:16:33","guid":{"rendered":"http:\/\/www.kutupsogutma.net\/?post_type=product&#038;p=1567"},"modified":"2021-05-05T18:17:27","modified_gmt":"2021-05-05T15:17:27","slug":"kombi-diyafram-conta-immergas-cift-kulak-kom7006","status":"publish","type":"product","link":"http:\/\/www.kutupsogutma.net\/?product=kombi-diyafram-conta-immergas-cift-kulak-kom7006","title":{"rendered":"KOMB\u0130 D\u0130YAFRAM CONTA \u0130MMERGAS \u00c7\u0130FT KULAK KOM7006"},"content":{"rendered":"<p>KOMB\u0130 D\u0130YAFRAM CONTA \u0130MMERGAS \u00c7\u0130FT KULAK KOM7006<\/p>\n","protected":false},"excerpt":{"rendered":"<p>KOMB\u0130 D\u0130YAFRAM CONTA \u0130MMERGAS \u00c7\u0130FT KULAK KOM7006<\/p>\n","protected":false},"featured_media":1568,"comment_status":"open","ping_status":"closed","template":"","meta":[],"product_cat":[120,24],"product_tag":[1663,1662],"_links":{"self":[{"href":"http:\/\/www.kutupsogutma.net\/index.php?rest_route=\/wp\/v2\/product\/1567"}],"collection":[{"href":"http:\/\/www.kutupsogutma.net\/index.php?rest_route=\/wp\/v2\/product"}],"about":[{"href":"http:\/\/www.kutupsogutma.net\/index.php?rest_route=\/wp\/v2\/types\/product"}],"replies":[{"embeddable":true,"href":"http:\/\/www.kutupsogutma.net\/index.php?rest_route=%2Fwp%2Fv2%2Fcomments&post=1567"}],"wp:featuredmedia":[{"embeddable":true,"href":"http:\/\/www.kutupsogutma.net\/index.php?rest_route=\/wp\/v2\/media\/1568"}],"wp:attachment":[{"href":"http:\/\/www.kutupsogutma.net\/index.php?rest_route=%2Fwp%2Fv2%2Fmedia&parent=1567"}],"wp:term":[{"taxonomy":"product_cat","embeddable":true,"href":"http:\/\/www.kutupsogutma.net\/index.php?rest_route=%2Fwp%2Fv2%2Fproduct_cat&post=1567"},{"taxonomy":"product_tag","embeddable":true,"href":"http:\/\/www.kutupsogutma.net\/index.php?rest_route=%2Fwp%2Fv2%2Fproduct_tag&post=1567"}],"curies":[{"name":"wp","href":"https:\/\/api.w.org\/{rel}","templated":true}]}}