{"id":1563,"date":"2021-05-05T18:13:22","date_gmt":"2021-05-05T15:13:22","guid":{"rendered":"http:\/\/www.kutupsogutma.net\/?post_type=product&#038;p=1563"},"modified":"2021-05-05T18:14:47","modified_gmt":"2021-05-05T15:14:47","slug":"kombi-diyafram-conta-vaillant-kulakli-kom7004","status":"publish","type":"product","link":"http:\/\/www.kutupsogutma.net\/?product=kombi-diyafram-conta-vaillant-kulakli-kom7004","title":{"rendered":"KOMB\u0130 D\u0130YAFRAM CONTA VA\u0130LLANT KULAKLI KOM7004"},"content":{"rendered":"<p>KOMB\u0130 D\u0130YAFRAM CONTA VA\u0130LLANT KULAKLI KOM7004<\/p>\n","protected":false},"excerpt":{"rendered":"<p>KOMB\u0130 D\u0130YAFRAM CONTA VA\u0130LLANT KULAKLI KOM7004<\/p>\n","protected":false},"featured_media":1564,"comment_status":"open","ping_status":"closed","template":"","meta":[],"product_cat":[120,24],"product_tag":[1659,1660],"_links":{"self":[{"href":"http:\/\/www.kutupsogutma.net\/index.php?rest_route=\/wp\/v2\/product\/1563"}],"collection":[{"href":"http:\/\/www.kutupsogutma.net\/index.php?rest_route=\/wp\/v2\/product"}],"about":[{"href":"http:\/\/www.kutupsogutma.net\/index.php?rest_route=\/wp\/v2\/types\/product"}],"replies":[{"embeddable":true,"href":"http:\/\/www.kutupsogutma.net\/index.php?rest_route=%2Fwp%2Fv2%2Fcomments&post=1563"}],"wp:featuredmedia":[{"embeddable":true,"href":"http:\/\/www.kutupsogutma.net\/index.php?rest_route=\/wp\/v2\/media\/1564"}],"wp:attachment":[{"href":"http:\/\/www.kutupsogutma.net\/index.php?rest_route=%2Fwp%2Fv2%2Fmedia&parent=1563"}],"wp:term":[{"taxonomy":"product_cat","embeddable":true,"href":"http:\/\/www.kutupsogutma.net\/index.php?rest_route=%2Fwp%2Fv2%2Fproduct_cat&post=1563"},{"taxonomy":"product_tag","embeddable":true,"href":"http:\/\/www.kutupsogutma.net\/index.php?rest_route=%2Fwp%2Fv2%2Fproduct_tag&post=1563"}],"curies":[{"name":"wp","href":"https:\/\/api.w.org\/{rel}","templated":true}]}}