{"id":1559,"date":"2021-05-05T18:11:06","date_gmt":"2021-05-05T15:11:06","guid":{"rendered":"http:\/\/www.kutupsogutma.net\/?post_type=product&#038;p=1559"},"modified":"2021-05-05T18:12:12","modified_gmt":"2021-05-05T15:12:12","slug":"kombi-diyafram-conta-baymak-ariston-ikiz-bitisik-mebran-kom7002","status":"publish","type":"product","link":"http:\/\/www.kutupsogutma.net\/?product=kombi-diyafram-conta-baymak-ariston-ikiz-bitisik-mebran-kom7002","title":{"rendered":"KOMB\u0130 D\u0130YAFRAM CONTA BAYMAK-AR\u0130STON \u0130K\u0130Z-B\u0130T\u0130\u015e\u0130K MEBRAN KOM7002"},"content":{"rendered":"<p>KOMB\u0130 D\u0130YAFRAM CONTA BAYMAK-AR\u0130STON \u0130K\u0130Z-B\u0130T\u0130\u015e\u0130K MEBRAN KOM7002<\/p>\n","protected":false},"excerpt":{"rendered":"<p>KOMB\u0130 D\u0130YAFRAM CONTA BAYMAK-AR\u0130STON \u0130K\u0130Z-B\u0130T\u0130\u015e\u0130K MEBRAN KOM7002<\/p>\n","protected":false},"featured_media":1560,"comment_status":"open","ping_status":"closed","template":"","meta":[],"product_cat":[120,24],"product_tag":[1656,1655],"_links":{"self":[{"href":"http:\/\/www.kutupsogutma.net\/index.php?rest_route=\/wp\/v2\/product\/1559"}],"collection":[{"href":"http:\/\/www.kutupsogutma.net\/index.php?rest_route=\/wp\/v2\/product"}],"about":[{"href":"http:\/\/www.kutupsogutma.net\/index.php?rest_route=\/wp\/v2\/types\/product"}],"replies":[{"embeddable":true,"href":"http:\/\/www.kutupsogutma.net\/index.php?rest_route=%2Fwp%2Fv2%2Fcomments&post=1559"}],"wp:featuredmedia":[{"embeddable":true,"href":"http:\/\/www.kutupsogutma.net\/index.php?rest_route=\/wp\/v2\/media\/1560"}],"wp:attachment":[{"href":"http:\/\/www.kutupsogutma.net\/index.php?rest_route=%2Fwp%2Fv2%2Fmedia&parent=1559"}],"wp:term":[{"taxonomy":"product_cat","embeddable":true,"href":"http:\/\/www.kutupsogutma.net\/index.php?rest_route=%2Fwp%2Fv2%2Fproduct_cat&post=1559"},{"taxonomy":"product_tag","embeddable":true,"href":"http:\/\/www.kutupsogutma.net\/index.php?rest_route=%2Fwp%2Fv2%2Fproduct_tag&post=1559"}],"curies":[{"name":"wp","href":"https:\/\/api.w.org\/{rel}","templated":true}]}}