{"id":1553,"date":"2021-05-04T21:07:08","date_gmt":"2021-05-04T18:07:08","guid":{"rendered":"http:\/\/www.kutupsogutma.net\/?post_type=product&#038;p=1553"},"modified":"2021-05-04T21:08:04","modified_gmt":"2021-05-04T18:08:04","slug":"kombi-dugme-baymak-main-kom6001","status":"publish","type":"product","link":"http:\/\/www.kutupsogutma.net\/?product=kombi-dugme-baymak-main-kom6001","title":{"rendered":"KOMB\u0130 D\u00dc\u011eME BAYMAK MA\u0130N KOM6001"},"content":{"rendered":"<p>KOMB\u0130 D\u00dc\u011eME BAYMAK MA\u0130N KOM6001<\/p>\n","protected":false},"excerpt":{"rendered":"<p>KOMB\u0130 D\u00dc\u011eME BAYMAK MA\u0130N KOM6001<\/p>\n","protected":false},"featured_media":1554,"comment_status":"open","ping_status":"closed","template":"","meta":[],"product_cat":[119,24],"product_tag":[1650,1649],"_links":{"self":[{"href":"http:\/\/www.kutupsogutma.net\/index.php?rest_route=\/wp\/v2\/product\/1553"}],"collection":[{"href":"http:\/\/www.kutupsogutma.net\/index.php?rest_route=\/wp\/v2\/product"}],"about":[{"href":"http:\/\/www.kutupsogutma.net\/index.php?rest_route=\/wp\/v2\/types\/product"}],"replies":[{"embeddable":true,"href":"http:\/\/www.kutupsogutma.net\/index.php?rest_route=%2Fwp%2Fv2%2Fcomments&post=1553"}],"wp:featuredmedia":[{"embeddable":true,"href":"http:\/\/www.kutupsogutma.net\/index.php?rest_route=\/wp\/v2\/media\/1554"}],"wp:attachment":[{"href":"http:\/\/www.kutupsogutma.net\/index.php?rest_route=%2Fwp%2Fv2%2Fmedia&parent=1553"}],"wp:term":[{"taxonomy":"product_cat","embeddable":true,"href":"http:\/\/www.kutupsogutma.net\/index.php?rest_route=%2Fwp%2Fv2%2Fproduct_cat&post=1553"},{"taxonomy":"product_tag","embeddable":true,"href":"http:\/\/www.kutupsogutma.net\/index.php?rest_route=%2Fwp%2Fv2%2Fproduct_tag&post=1553"}],"curies":[{"name":"wp","href":"https:\/\/api.w.org\/{rel}","templated":true}]}}