{"id":1551,"date":"2021-05-04T21:05:52","date_gmt":"2021-05-04T18:05:52","guid":{"rendered":"http:\/\/www.kutupsogutma.net\/?post_type=product&#038;p=1551"},"modified":"2021-05-04T21:06:56","modified_gmt":"2021-05-04T18:06:56","slug":"kombi-dugme-baymak-eco-baksi-kom6000","status":"publish","type":"product","link":"http:\/\/www.kutupsogutma.net\/?product=kombi-dugme-baymak-eco-baksi-kom6000","title":{"rendered":"KOMB\u0130 D\u00dc\u011eME BAYMAK-ECO-BAKS\u0130 KOM6000"},"content":{"rendered":"<p>KOMB\u0130 D\u00dc\u011eME BAYMAK-ECO-BAKS\u0130 KOM6000<\/p>\n","protected":false},"excerpt":{"rendered":"<p>KOMB\u0130 D\u00dc\u011eME BAYMAK-ECO-BAKS\u0130 KOM6000<\/p>\n","protected":false},"featured_media":1552,"comment_status":"open","ping_status":"closed","template":"","meta":[],"product_cat":[119,24],"product_tag":[1648,1647],"_links":{"self":[{"href":"http:\/\/www.kutupsogutma.net\/index.php?rest_route=\/wp\/v2\/product\/1551"}],"collection":[{"href":"http:\/\/www.kutupsogutma.net\/index.php?rest_route=\/wp\/v2\/product"}],"about":[{"href":"http:\/\/www.kutupsogutma.net\/index.php?rest_route=\/wp\/v2\/types\/product"}],"replies":[{"embeddable":true,"href":"http:\/\/www.kutupsogutma.net\/index.php?rest_route=%2Fwp%2Fv2%2Fcomments&post=1551"}],"wp:featuredmedia":[{"embeddable":true,"href":"http:\/\/www.kutupsogutma.net\/index.php?rest_route=\/wp\/v2\/media\/1552"}],"wp:attachment":[{"href":"http:\/\/www.kutupsogutma.net\/index.php?rest_route=%2Fwp%2Fv2%2Fmedia&parent=1551"}],"wp:term":[{"taxonomy":"product_cat","embeddable":true,"href":"http:\/\/www.kutupsogutma.net\/index.php?rest_route=%2Fwp%2Fv2%2Fproduct_cat&post=1551"},{"taxonomy":"product_tag","embeddable":true,"href":"http:\/\/www.kutupsogutma.net\/index.php?rest_route=%2Fwp%2Fv2%2Fproduct_tag&post=1551"}],"curies":[{"name":"wp","href":"https:\/\/api.w.org\/{rel}","templated":true}]}}