{"id":1550,"date":"2021-05-04T21:05:43","date_gmt":"2021-05-04T18:05:43","guid":{"rendered":"http:\/\/www.kutupsogutma.net\/?post_type=product&#038;p=1550"},"modified":"2021-05-04T21:10:32","modified_gmt":"2021-05-04T18:10:32","slug":"kombi-diyafram-conta-baymak-delikli-kom7000","status":"publish","type":"product","link":"http:\/\/www.kutupsogutma.net\/?product=kombi-diyafram-conta-baymak-delikli-kom7000","title":{"rendered":"KOMB\u0130 D\u0130YAFRAM CONTA BAYMAK DEL\u0130KL\u0130 KOM7000"},"content":{"rendered":"<p>KOMB\u0130 D\u0130YAFRAM CONTA BAYMAK DEL\u0130KL\u0130 KOM7000<\/p>\n","protected":false},"excerpt":{"rendered":"<p>KOMB\u0130 D\u0130YAFRAM CONTA BAYMAK DEL\u0130KL\u0130 KOM7000<\/p>\n","protected":false},"featured_media":1555,"comment_status":"open","ping_status":"closed","template":"","meta":[],"product_cat":[120,24],"product_tag":[1652,1651],"_links":{"self":[{"href":"http:\/\/www.kutupsogutma.net\/index.php?rest_route=\/wp\/v2\/product\/1550"}],"collection":[{"href":"http:\/\/www.kutupsogutma.net\/index.php?rest_route=\/wp\/v2\/product"}],"about":[{"href":"http:\/\/www.kutupsogutma.net\/index.php?rest_route=\/wp\/v2\/types\/product"}],"replies":[{"embeddable":true,"href":"http:\/\/www.kutupsogutma.net\/index.php?rest_route=%2Fwp%2Fv2%2Fcomments&post=1550"}],"wp:featuredmedia":[{"embeddable":true,"href":"http:\/\/www.kutupsogutma.net\/index.php?rest_route=\/wp\/v2\/media\/1555"}],"wp:attachment":[{"href":"http:\/\/www.kutupsogutma.net\/index.php?rest_route=%2Fwp%2Fv2%2Fmedia&parent=1550"}],"wp:term":[{"taxonomy":"product_cat","embeddable":true,"href":"http:\/\/www.kutupsogutma.net\/index.php?rest_route=%2Fwp%2Fv2%2Fproduct_cat&post=1550"},{"taxonomy":"product_tag","embeddable":true,"href":"http:\/\/www.kutupsogutma.net\/index.php?rest_route=%2Fwp%2Fv2%2Fproduct_tag&post=1550"}],"curies":[{"name":"wp","href":"https:\/\/api.w.org\/{rel}","templated":true}]}}