{"id":1546,"date":"2021-05-04T21:03:29","date_gmt":"2021-05-04T18:03:29","guid":{"rendered":"http:\/\/www.kutupsogutma.net\/?post_type=product&#038;p=1546"},"modified":"2021-05-04T21:04:21","modified_gmt":"2021-05-04T18:04:21","slug":"kombi-su-doldurma-musluk-ariston-kom5002","status":"publish","type":"product","link":"http:\/\/www.kutupsogutma.net\/?product=kombi-su-doldurma-musluk-ariston-kom5002","title":{"rendered":"KOMB\u0130 SU DOLDURMA MUSLUK AR\u0130STON KOM5002"},"content":{"rendered":"<p>KOMB\u0130 SU DOLDURMA MUSLUK AR\u0130STON KOM5002<\/p>\n","protected":false},"excerpt":{"rendered":"<p>KOMB\u0130 SU DOLDURMA MUSLUK AR\u0130STON KOM5002<\/p>\n","protected":false},"featured_media":1547,"comment_status":"open","ping_status":"closed","template":"","meta":[],"product_cat":[118,24],"product_tag":[1643,1642],"_links":{"self":[{"href":"http:\/\/www.kutupsogutma.net\/index.php?rest_route=\/wp\/v2\/product\/1546"}],"collection":[{"href":"http:\/\/www.kutupsogutma.net\/index.php?rest_route=\/wp\/v2\/product"}],"about":[{"href":"http:\/\/www.kutupsogutma.net\/index.php?rest_route=\/wp\/v2\/types\/product"}],"replies":[{"embeddable":true,"href":"http:\/\/www.kutupsogutma.net\/index.php?rest_route=%2Fwp%2Fv2%2Fcomments&post=1546"}],"wp:featuredmedia":[{"embeddable":true,"href":"http:\/\/www.kutupsogutma.net\/index.php?rest_route=\/wp\/v2\/media\/1547"}],"wp:attachment":[{"href":"http:\/\/www.kutupsogutma.net\/index.php?rest_route=%2Fwp%2Fv2%2Fmedia&parent=1546"}],"wp:term":[{"taxonomy":"product_cat","embeddable":true,"href":"http:\/\/www.kutupsogutma.net\/index.php?rest_route=%2Fwp%2Fv2%2Fproduct_cat&post=1546"},{"taxonomy":"product_tag","embeddable":true,"href":"http:\/\/www.kutupsogutma.net\/index.php?rest_route=%2Fwp%2Fv2%2Fproduct_tag&post=1546"}],"curies":[{"name":"wp","href":"https:\/\/api.w.org\/{rel}","templated":true}]}}