{"id":1544,"date":"2021-05-04T21:02:03","date_gmt":"2021-05-04T18:02:03","guid":{"rendered":"http:\/\/www.kutupsogutma.net\/?post_type=product&#038;p=1544"},"modified":"2021-05-04T21:03:22","modified_gmt":"2021-05-04T18:03:22","slug":"kombi-su-doldurma-musluk-bosch-iki-oringli-990000324-kom5001","status":"publish","type":"product","link":"http:\/\/www.kutupsogutma.net\/?product=kombi-su-doldurma-musluk-bosch-iki-oringli-990000324-kom5001","title":{"rendered":"KOMB\u0130 SU DOLDURMA MUSLUK BOSCH \u0130K\u0130 OR\u0130NGL\u0130 990000324 KOM5001"},"content":{"rendered":"<p>KOMB\u0130 SU DOLDURMA MUSLUK BOSCH \u0130K\u0130 OR\u0130NGL\u0130 990000324 KOM5001<\/p>\n","protected":false},"excerpt":{"rendered":"<p>KOMB\u0130 SU DOLDURMA MUSLUK BOSCH \u0130K\u0130 OR\u0130NGL\u0130 990000324 KOM5001<\/p>\n","protected":false},"featured_media":1545,"comment_status":"open","ping_status":"closed","template":"","meta":[],"product_cat":[118,24],"product_tag":[1641,1640,1639],"_links":{"self":[{"href":"http:\/\/www.kutupsogutma.net\/index.php?rest_route=\/wp\/v2\/product\/1544"}],"collection":[{"href":"http:\/\/www.kutupsogutma.net\/index.php?rest_route=\/wp\/v2\/product"}],"about":[{"href":"http:\/\/www.kutupsogutma.net\/index.php?rest_route=\/wp\/v2\/types\/product"}],"replies":[{"embeddable":true,"href":"http:\/\/www.kutupsogutma.net\/index.php?rest_route=%2Fwp%2Fv2%2Fcomments&post=1544"}],"wp:featuredmedia":[{"embeddable":true,"href":"http:\/\/www.kutupsogutma.net\/index.php?rest_route=\/wp\/v2\/media\/1545"}],"wp:attachment":[{"href":"http:\/\/www.kutupsogutma.net\/index.php?rest_route=%2Fwp%2Fv2%2Fmedia&parent=1544"}],"wp:term":[{"taxonomy":"product_cat","embeddable":true,"href":"http:\/\/www.kutupsogutma.net\/index.php?rest_route=%2Fwp%2Fv2%2Fproduct_cat&post=1544"},{"taxonomy":"product_tag","embeddable":true,"href":"http:\/\/www.kutupsogutma.net\/index.php?rest_route=%2Fwp%2Fv2%2Fproduct_tag&post=1544"}],"curies":[{"name":"wp","href":"https:\/\/api.w.org\/{rel}","templated":true}]}}