{"id":1540,"date":"2021-05-04T20:51:00","date_gmt":"2021-05-04T17:51:00","guid":{"rendered":"http:\/\/www.kutupsogutma.net\/?post_type=product&#038;p=1540"},"modified":"2021-05-04T20:51:53","modified_gmt":"2021-05-04T17:51:53","slug":"kombi-ntc-isi-sensoru-ihlas-beyaz-kom4005","status":"publish","type":"product","link":"http:\/\/www.kutupsogutma.net\/?product=kombi-ntc-isi-sensoru-ihlas-beyaz-kom4005","title":{"rendered":"KOMB\u0130 NTC ISI SENS\u00d6R\u00dc \u0130HLAS BEYAZ KOM4005"},"content":{"rendered":"<p>KOMB\u0130 NTC ISI SENS\u00d6R\u00dc \u0130HLAS BEYAZ KOM4005<\/p>\n","protected":false},"excerpt":{"rendered":"<p>KOMB\u0130 NTC ISI SENS\u00d6R\u00dc \u0130HLAS BEYAZ KOM4005<\/p>\n","protected":false},"featured_media":1541,"comment_status":"open","ping_status":"closed","template":"","meta":[],"product_cat":[24,117],"product_tag":[1638,1637],"_links":{"self":[{"href":"http:\/\/www.kutupsogutma.net\/index.php?rest_route=\/wp\/v2\/product\/1540"}],"collection":[{"href":"http:\/\/www.kutupsogutma.net\/index.php?rest_route=\/wp\/v2\/product"}],"about":[{"href":"http:\/\/www.kutupsogutma.net\/index.php?rest_route=\/wp\/v2\/types\/product"}],"replies":[{"embeddable":true,"href":"http:\/\/www.kutupsogutma.net\/index.php?rest_route=%2Fwp%2Fv2%2Fcomments&post=1540"}],"wp:featuredmedia":[{"embeddable":true,"href":"http:\/\/www.kutupsogutma.net\/index.php?rest_route=\/wp\/v2\/media\/1541"}],"wp:attachment":[{"href":"http:\/\/www.kutupsogutma.net\/index.php?rest_route=%2Fwp%2Fv2%2Fmedia&parent=1540"}],"wp:term":[{"taxonomy":"product_cat","embeddable":true,"href":"http:\/\/www.kutupsogutma.net\/index.php?rest_route=%2Fwp%2Fv2%2Fproduct_cat&post=1540"},{"taxonomy":"product_tag","embeddable":true,"href":"http:\/\/www.kutupsogutma.net\/index.php?rest_route=%2Fwp%2Fv2%2Fproduct_tag&post=1540"}],"curies":[{"name":"wp","href":"https:\/\/api.w.org\/{rel}","templated":true}]}}