{"id":1534,"date":"2021-05-04T20:36:55","date_gmt":"2021-05-04T17:36:55","guid":{"rendered":"http:\/\/www.kutupsogutma.net\/?post_type=product&#038;p=1534"},"modified":"2021-05-04T20:38:18","modified_gmt":"2021-05-04T17:38:18","slug":"kombi-ntc-isi-sensoru-daldirma-tip-ferroli-kom4002","status":"publish","type":"product","link":"http:\/\/www.kutupsogutma.net\/?product=kombi-ntc-isi-sensoru-daldirma-tip-ferroli-kom4002","title":{"rendered":"KOMB\u0130 NTC ISI SENS\u00d6R\u00dc DALDIRMA T\u0130P FERROL\u0130 KOM4002"},"content":{"rendered":"<p>KOMB\u0130 NTC ISI SENS\u00d6R\u00dc DALDIRMA T\u0130P FERROL\u0130 KOM4002<\/p>\n","protected":false},"excerpt":{"rendered":"<p>KOMB\u0130 NTC ISI SENS\u00d6R\u00dc DALDIRMA T\u0130P FERROL\u0130 KOM4002<\/p>\n","protected":false},"featured_media":1535,"comment_status":"open","ping_status":"closed","template":"","meta":[],"product_cat":[24,117],"product_tag":[1631,1630],"_links":{"self":[{"href":"http:\/\/www.kutupsogutma.net\/index.php?rest_route=\/wp\/v2\/product\/1534"}],"collection":[{"href":"http:\/\/www.kutupsogutma.net\/index.php?rest_route=\/wp\/v2\/product"}],"about":[{"href":"http:\/\/www.kutupsogutma.net\/index.php?rest_route=\/wp\/v2\/types\/product"}],"replies":[{"embeddable":true,"href":"http:\/\/www.kutupsogutma.net\/index.php?rest_route=%2Fwp%2Fv2%2Fcomments&post=1534"}],"wp:featuredmedia":[{"embeddable":true,"href":"http:\/\/www.kutupsogutma.net\/index.php?rest_route=\/wp\/v2\/media\/1535"}],"wp:attachment":[{"href":"http:\/\/www.kutupsogutma.net\/index.php?rest_route=%2Fwp%2Fv2%2Fmedia&parent=1534"}],"wp:term":[{"taxonomy":"product_cat","embeddable":true,"href":"http:\/\/www.kutupsogutma.net\/index.php?rest_route=%2Fwp%2Fv2%2Fproduct_cat&post=1534"},{"taxonomy":"product_tag","embeddable":true,"href":"http:\/\/www.kutupsogutma.net\/index.php?rest_route=%2Fwp%2Fv2%2Fproduct_tag&post=1534"}],"curies":[{"name":"wp","href":"https:\/\/api.w.org\/{rel}","templated":true}]}}