{"id":1527,"date":"2021-05-04T20:04:27","date_gmt":"2021-05-04T17:04:27","guid":{"rendered":"http:\/\/www.kutupsogutma.net\/?post_type=product&#038;p=1527"},"modified":"2021-05-04T20:05:39","modified_gmt":"2021-05-04T17:05:39","slug":"kombi-genlesme-tanki-kirmizi-universal-8lt-kom3001","status":"publish","type":"product","link":"http:\/\/www.kutupsogutma.net\/?product=kombi-genlesme-tanki-kirmizi-universal-8lt-kom3001","title":{"rendered":"KOMB\u0130 GENLE\u015eME TANKI KIRMIZI UNIVERSAL 8LT KOM3001"},"content":{"rendered":"<p>KOMB\u0130 GENLE\u015eME TANKI KIRMIZI UNIVERSAL 8LT KOM3001<\/p>\n","protected":false},"excerpt":{"rendered":"<p>KOMB\u0130 GENLE\u015eME TANKI KIRMIZI UNIVERSAL 8LT KOM3001<\/p>\n","protected":false},"featured_media":1529,"comment_status":"open","ping_status":"closed","template":"","meta":[],"product_cat":[116,24],"product_tag":[1624,1625],"_links":{"self":[{"href":"http:\/\/www.kutupsogutma.net\/index.php?rest_route=\/wp\/v2\/product\/1527"}],"collection":[{"href":"http:\/\/www.kutupsogutma.net\/index.php?rest_route=\/wp\/v2\/product"}],"about":[{"href":"http:\/\/www.kutupsogutma.net\/index.php?rest_route=\/wp\/v2\/types\/product"}],"replies":[{"embeddable":true,"href":"http:\/\/www.kutupsogutma.net\/index.php?rest_route=%2Fwp%2Fv2%2Fcomments&post=1527"}],"wp:featuredmedia":[{"embeddable":true,"href":"http:\/\/www.kutupsogutma.net\/index.php?rest_route=\/wp\/v2\/media\/1529"}],"wp:attachment":[{"href":"http:\/\/www.kutupsogutma.net\/index.php?rest_route=%2Fwp%2Fv2%2Fmedia&parent=1527"}],"wp:term":[{"taxonomy":"product_cat","embeddable":true,"href":"http:\/\/www.kutupsogutma.net\/index.php?rest_route=%2Fwp%2Fv2%2Fproduct_cat&post=1527"},{"taxonomy":"product_tag","embeddable":true,"href":"http:\/\/www.kutupsogutma.net\/index.php?rest_route=%2Fwp%2Fv2%2Fproduct_tag&post=1527"}],"curies":[{"name":"wp","href":"https:\/\/api.w.org\/{rel}","templated":true}]}}