{"id":1525,"date":"2021-05-04T20:03:25","date_gmt":"2021-05-04T17:03:25","guid":{"rendered":"http:\/\/www.kutupsogutma.net\/?post_type=product&#038;p=1525"},"modified":"2021-05-04T20:04:20","modified_gmt":"2021-05-04T17:04:20","slug":"kombi-genlesme-tanki-gri-demirdokum-7lt-kom3000","status":"publish","type":"product","link":"http:\/\/www.kutupsogutma.net\/?product=kombi-genlesme-tanki-gri-demirdokum-7lt-kom3000","title":{"rendered":"KOMB\u0130 GENLE\u015eME TANKI GR\u0130 DEM\u0130RD\u00d6K\u00dcM 7LT KOM3000"},"content":{"rendered":"<p>KOMB\u0130 GENLE\u015eME TANKI GR\u0130 DEM\u0130RD\u00d6K\u00dcM 7LT KOM3000<\/p>\n","protected":false},"excerpt":{"rendered":"<p>KOMB\u0130 GENLE\u015eME TANKI GR\u0130 DEM\u0130RD\u00d6K\u00dcM 7LT KOM3000<\/p>\n","protected":false},"featured_media":1526,"comment_status":"open","ping_status":"closed","template":"","meta":[],"product_cat":[116,24],"product_tag":[1623,1622],"_links":{"self":[{"href":"http:\/\/www.kutupsogutma.net\/index.php?rest_route=\/wp\/v2\/product\/1525"}],"collection":[{"href":"http:\/\/www.kutupsogutma.net\/index.php?rest_route=\/wp\/v2\/product"}],"about":[{"href":"http:\/\/www.kutupsogutma.net\/index.php?rest_route=\/wp\/v2\/types\/product"}],"replies":[{"embeddable":true,"href":"http:\/\/www.kutupsogutma.net\/index.php?rest_route=%2Fwp%2Fv2%2Fcomments&post=1525"}],"wp:featuredmedia":[{"embeddable":true,"href":"http:\/\/www.kutupsogutma.net\/index.php?rest_route=\/wp\/v2\/media\/1526"}],"wp:attachment":[{"href":"http:\/\/www.kutupsogutma.net\/index.php?rest_route=%2Fwp%2Fv2%2Fmedia&parent=1525"}],"wp:term":[{"taxonomy":"product_cat","embeddable":true,"href":"http:\/\/www.kutupsogutma.net\/index.php?rest_route=%2Fwp%2Fv2%2Fproduct_cat&post=1525"},{"taxonomy":"product_tag","embeddable":true,"href":"http:\/\/www.kutupsogutma.net\/index.php?rest_route=%2Fwp%2Fv2%2Fproduct_tag&post=1525"}],"curies":[{"name":"wp","href":"https:\/\/api.w.org\/{rel}","templated":true}]}}