{"id":1523,"date":"2021-05-04T20:02:27","date_gmt":"2021-05-04T17:02:27","guid":{"rendered":"http:\/\/www.kutupsogutma.net\/?post_type=product&#038;p=1523"},"modified":"2021-05-04T20:03:19","modified_gmt":"2021-05-04T17:03:19","slug":"kombi-plaka-esanjor-kom2000","status":"publish","type":"product","link":"http:\/\/www.kutupsogutma.net\/?product=kombi-plaka-esanjor-kom2000","title":{"rendered":"KOMB\u0130 PLAKA E\u015eANJ\u00d6R KOM2000"},"content":{"rendered":"<p>KOMB\u0130 PLAKA E\u015eANJ\u00d6R KOM2000<\/p>\n","protected":false},"excerpt":{"rendered":"<p>KOMB\u0130 PLAKA E\u015eANJ\u00d6R KOM2000<\/p>\n","protected":false},"featured_media":1524,"comment_status":"open","ping_status":"closed","template":"","meta":[],"product_cat":[115,24],"product_tag":[1621],"_links":{"self":[{"href":"http:\/\/www.kutupsogutma.net\/index.php?rest_route=\/wp\/v2\/product\/1523"}],"collection":[{"href":"http:\/\/www.kutupsogutma.net\/index.php?rest_route=\/wp\/v2\/product"}],"about":[{"href":"http:\/\/www.kutupsogutma.net\/index.php?rest_route=\/wp\/v2\/types\/product"}],"replies":[{"embeddable":true,"href":"http:\/\/www.kutupsogutma.net\/index.php?rest_route=%2Fwp%2Fv2%2Fcomments&post=1523"}],"wp:featuredmedia":[{"embeddable":true,"href":"http:\/\/www.kutupsogutma.net\/index.php?rest_route=\/wp\/v2\/media\/1524"}],"wp:attachment":[{"href":"http:\/\/www.kutupsogutma.net\/index.php?rest_route=%2Fwp%2Fv2%2Fmedia&parent=1523"}],"wp:term":[{"taxonomy":"product_cat","embeddable":true,"href":"http:\/\/www.kutupsogutma.net\/index.php?rest_route=%2Fwp%2Fv2%2Fproduct_cat&post=1523"},{"taxonomy":"product_tag","embeddable":true,"href":"http:\/\/www.kutupsogutma.net\/index.php?rest_route=%2Fwp%2Fv2%2Fproduct_tag&post=1523"}],"curies":[{"name":"wp","href":"https:\/\/api.w.org\/{rel}","templated":true}]}}