{"id":1517,"date":"2021-05-04T19:58:38","date_gmt":"2021-05-04T16:58:38","guid":{"rendered":"http:\/\/www.kutupsogutma.net\/?post_type=product&#038;p=1517"},"modified":"2021-05-04T19:59:32","modified_gmt":"2021-05-04T16:59:32","slug":"klima-temizleme-ilaci-5lt-klm8010","status":"publish","type":"product","link":"http:\/\/www.kutupsogutma.net\/?product=klima-temizleme-ilaci-5lt-klm8010","title":{"rendered":"KL\u0130MA TEM\u0130ZLEME \u0130LACI 5LT KLM8010"},"content":{"rendered":"<p>KL\u0130MA TEM\u0130ZLEME \u0130LACI 5LT KLM8010<\/p>\n","protected":false},"excerpt":{"rendered":"<p>KL\u0130MA TEM\u0130ZLEME \u0130LACI 5LT KLM8010<\/p>\n","protected":false},"featured_media":1518,"comment_status":"open","ping_status":"closed","template":"","meta":[],"product_cat":[112,23],"product_tag":[1616],"_links":{"self":[{"href":"http:\/\/www.kutupsogutma.net\/index.php?rest_route=\/wp\/v2\/product\/1517"}],"collection":[{"href":"http:\/\/www.kutupsogutma.net\/index.php?rest_route=\/wp\/v2\/product"}],"about":[{"href":"http:\/\/www.kutupsogutma.net\/index.php?rest_route=\/wp\/v2\/types\/product"}],"replies":[{"embeddable":true,"href":"http:\/\/www.kutupsogutma.net\/index.php?rest_route=%2Fwp%2Fv2%2Fcomments&post=1517"}],"wp:featuredmedia":[{"embeddable":true,"href":"http:\/\/www.kutupsogutma.net\/index.php?rest_route=\/wp\/v2\/media\/1518"}],"wp:attachment":[{"href":"http:\/\/www.kutupsogutma.net\/index.php?rest_route=%2Fwp%2Fv2%2Fmedia&parent=1517"}],"wp:term":[{"taxonomy":"product_cat","embeddable":true,"href":"http:\/\/www.kutupsogutma.net\/index.php?rest_route=%2Fwp%2Fv2%2Fproduct_cat&post=1517"},{"taxonomy":"product_tag","embeddable":true,"href":"http:\/\/www.kutupsogutma.net\/index.php?rest_route=%2Fwp%2Fv2%2Fproduct_tag&post=1517"}],"curies":[{"name":"wp","href":"https:\/\/api.w.org\/{rel}","templated":true}]}}