{"id":1515,"date":"2021-05-04T19:57:41","date_gmt":"2021-05-04T16:57:41","guid":{"rendered":"http:\/\/www.kutupsogutma.net\/?post_type=product&#038;p=1515"},"modified":"2021-05-04T19:58:31","modified_gmt":"2021-05-04T16:58:31","slug":"klima-motor-takozu-kucuk-yeni-tip-klm8009","status":"publish","type":"product","link":"http:\/\/www.kutupsogutma.net\/?product=klima-motor-takozu-kucuk-yeni-tip-klm8009","title":{"rendered":"KL\u0130MA MOTOR TAKOZU K\u00dc\u00c7\u00dcK YEN\u0130 T\u0130P KLM8009"},"content":{"rendered":"<p>KL\u0130MA MOTOR TAKOZU K\u00dc\u00c7\u00dcK YEN\u0130 T\u0130P KLM8009<\/p>\n","protected":false},"excerpt":{"rendered":"<p>KL\u0130MA MOTOR TAKOZU K\u00dc\u00c7\u00dcK YEN\u0130 T\u0130P KLM8009<\/p>\n","protected":false},"featured_media":1516,"comment_status":"open","ping_status":"closed","template":"","meta":[],"product_cat":[112,23],"product_tag":[1614,1615],"_links":{"self":[{"href":"http:\/\/www.kutupsogutma.net\/index.php?rest_route=\/wp\/v2\/product\/1515"}],"collection":[{"href":"http:\/\/www.kutupsogutma.net\/index.php?rest_route=\/wp\/v2\/product"}],"about":[{"href":"http:\/\/www.kutupsogutma.net\/index.php?rest_route=\/wp\/v2\/types\/product"}],"replies":[{"embeddable":true,"href":"http:\/\/www.kutupsogutma.net\/index.php?rest_route=%2Fwp%2Fv2%2Fcomments&post=1515"}],"wp:featuredmedia":[{"embeddable":true,"href":"http:\/\/www.kutupsogutma.net\/index.php?rest_route=\/wp\/v2\/media\/1516"}],"wp:attachment":[{"href":"http:\/\/www.kutupsogutma.net\/index.php?rest_route=%2Fwp%2Fv2%2Fmedia&parent=1515"}],"wp:term":[{"taxonomy":"product_cat","embeddable":true,"href":"http:\/\/www.kutupsogutma.net\/index.php?rest_route=%2Fwp%2Fv2%2Fproduct_cat&post=1515"},{"taxonomy":"product_tag","embeddable":true,"href":"http:\/\/www.kutupsogutma.net\/index.php?rest_route=%2Fwp%2Fv2%2Fproduct_tag&post=1515"}],"curies":[{"name":"wp","href":"https:\/\/api.w.org\/{rel}","templated":true}]}}