{"id":1513,"date":"2021-05-04T19:56:42","date_gmt":"2021-05-04T16:56:42","guid":{"rendered":"http:\/\/www.kutupsogutma.net\/?post_type=product&#038;p=1513"},"modified":"2021-05-04T19:57:36","modified_gmt":"2021-05-04T16:57:36","slug":"klima-motor-takozu-buyuk-klm8008","status":"publish","type":"product","link":"http:\/\/www.kutupsogutma.net\/?product=klima-motor-takozu-buyuk-klm8008","title":{"rendered":"KL\u0130MA MOTOR TAKOZU B\u00dcY\u00dcK KLM8008"},"content":{"rendered":"<p>KL\u0130MA MOTOR TAKOZU B\u00dcY\u00dcK KLM8008<\/p>\n","protected":false},"excerpt":{"rendered":"<p>KL\u0130MA MOTOR TAKOZU B\u00dcY\u00dcK KLM8008<\/p>\n","protected":false},"featured_media":1514,"comment_status":"open","ping_status":"closed","template":"","meta":[],"product_cat":[112,23],"product_tag":[1614,1613],"_links":{"self":[{"href":"http:\/\/www.kutupsogutma.net\/index.php?rest_route=\/wp\/v2\/product\/1513"}],"collection":[{"href":"http:\/\/www.kutupsogutma.net\/index.php?rest_route=\/wp\/v2\/product"}],"about":[{"href":"http:\/\/www.kutupsogutma.net\/index.php?rest_route=\/wp\/v2\/types\/product"}],"replies":[{"embeddable":true,"href":"http:\/\/www.kutupsogutma.net\/index.php?rest_route=%2Fwp%2Fv2%2Fcomments&post=1513"}],"wp:featuredmedia":[{"embeddable":true,"href":"http:\/\/www.kutupsogutma.net\/index.php?rest_route=\/wp\/v2\/media\/1514"}],"wp:attachment":[{"href":"http:\/\/www.kutupsogutma.net\/index.php?rest_route=%2Fwp%2Fv2%2Fmedia&parent=1513"}],"wp:term":[{"taxonomy":"product_cat","embeddable":true,"href":"http:\/\/www.kutupsogutma.net\/index.php?rest_route=%2Fwp%2Fv2%2Fproduct_cat&post=1513"},{"taxonomy":"product_tag","embeddable":true,"href":"http:\/\/www.kutupsogutma.net\/index.php?rest_route=%2Fwp%2Fv2%2Fproduct_tag&post=1513"}],"curies":[{"name":"wp","href":"https:\/\/api.w.org\/{rel}","templated":true}]}}