{"id":1509,"date":"2021-05-04T19:53:54","date_gmt":"2021-05-04T16:53:54","guid":{"rendered":"http:\/\/www.kutupsogutma.net\/?post_type=product&#038;p=1509"},"modified":"2021-05-04T19:55:03","modified_gmt":"2021-05-04T16:55:03","slug":"klima-ayak-vida-klm8006","status":"publish","type":"product","link":"http:\/\/www.kutupsogutma.net\/?product=klima-ayak-vida-klm8006","title":{"rendered":"KL\u0130MA AYAK V\u0130DA KLM8006"},"content":{"rendered":"<p>KL\u0130MA AYAK V\u0130DA KLM8006<\/p>\n","protected":false},"excerpt":{"rendered":"<p>KL\u0130MA AYAK V\u0130DA KLM8006<\/p>\n","protected":false},"featured_media":1510,"comment_status":"open","ping_status":"closed","template":"","meta":[],"product_cat":[112,23],"product_tag":[1610,1611],"_links":{"self":[{"href":"http:\/\/www.kutupsogutma.net\/index.php?rest_route=\/wp\/v2\/product\/1509"}],"collection":[{"href":"http:\/\/www.kutupsogutma.net\/index.php?rest_route=\/wp\/v2\/product"}],"about":[{"href":"http:\/\/www.kutupsogutma.net\/index.php?rest_route=\/wp\/v2\/types\/product"}],"replies":[{"embeddable":true,"href":"http:\/\/www.kutupsogutma.net\/index.php?rest_route=%2Fwp%2Fv2%2Fcomments&post=1509"}],"wp:featuredmedia":[{"embeddable":true,"href":"http:\/\/www.kutupsogutma.net\/index.php?rest_route=\/wp\/v2\/media\/1510"}],"wp:attachment":[{"href":"http:\/\/www.kutupsogutma.net\/index.php?rest_route=%2Fwp%2Fv2%2Fmedia&parent=1509"}],"wp:term":[{"taxonomy":"product_cat","embeddable":true,"href":"http:\/\/www.kutupsogutma.net\/index.php?rest_route=%2Fwp%2Fv2%2Fproduct_cat&post=1509"},{"taxonomy":"product_tag","embeddable":true,"href":"http:\/\/www.kutupsogutma.net\/index.php?rest_route=%2Fwp%2Fv2%2Fproduct_tag&post=1509"}],"curies":[{"name":"wp","href":"https:\/\/api.w.org\/{rel}","templated":true}]}}