{"id":1507,"date":"2021-05-04T19:52:39","date_gmt":"2021-05-04T16:52:39","guid":{"rendered":"http:\/\/www.kutupsogutma.net\/?post_type=product&#038;p=1507"},"modified":"2021-05-04T19:53:46","modified_gmt":"2021-05-04T16:53:46","slug":"klima-ayak-vidali-klm8005","status":"publish","type":"product","link":"http:\/\/www.kutupsogutma.net\/?product=klima-ayak-vidali-klm8005","title":{"rendered":"KL\u0130MA AYAK V\u0130DALI KLM8005"},"content":{"rendered":"<p>KL\u0130MA AYAK V\u0130DALI KLM8005<\/p>\n","protected":false},"excerpt":{"rendered":"<p>KL\u0130MA AYAK V\u0130DALI KLM8005<\/p>\n","protected":false},"featured_media":1508,"comment_status":"open","ping_status":"closed","template":"","meta":[],"product_cat":[112,23],"product_tag":[1608,1609],"_links":{"self":[{"href":"http:\/\/www.kutupsogutma.net\/index.php?rest_route=\/wp\/v2\/product\/1507"}],"collection":[{"href":"http:\/\/www.kutupsogutma.net\/index.php?rest_route=\/wp\/v2\/product"}],"about":[{"href":"http:\/\/www.kutupsogutma.net\/index.php?rest_route=\/wp\/v2\/types\/product"}],"replies":[{"embeddable":true,"href":"http:\/\/www.kutupsogutma.net\/index.php?rest_route=%2Fwp%2Fv2%2Fcomments&post=1507"}],"wp:featuredmedia":[{"embeddable":true,"href":"http:\/\/www.kutupsogutma.net\/index.php?rest_route=\/wp\/v2\/media\/1508"}],"wp:attachment":[{"href":"http:\/\/www.kutupsogutma.net\/index.php?rest_route=%2Fwp%2Fv2%2Fmedia&parent=1507"}],"wp:term":[{"taxonomy":"product_cat","embeddable":true,"href":"http:\/\/www.kutupsogutma.net\/index.php?rest_route=%2Fwp%2Fv2%2Fproduct_cat&post=1507"},{"taxonomy":"product_tag","embeddable":true,"href":"http:\/\/www.kutupsogutma.net\/index.php?rest_route=%2Fwp%2Fv2%2Fproduct_tag&post=1507"}],"curies":[{"name":"wp","href":"https:\/\/api.w.org\/{rel}","templated":true}]}}