{"id":150,"date":"2021-04-27T10:40:24","date_gmt":"2021-04-27T07:40:24","guid":{"rendered":"http:\/\/www.kutupsogutma.net\/?post_type=product&#038;p=150"},"modified":"2021-04-27T10:40:24","modified_gmt":"2021-04-27T07:40:24","slug":"buzdolabi-kapi-kol-universal-155-cm-gri-bzd8002","status":"publish","type":"product","link":"http:\/\/www.kutupsogutma.net\/?product=buzdolabi-kapi-kol-universal-155-cm-gri-bzd8002","title":{"rendered":"BUZDOLABI KAPI KOL UNIVERSAL 15,5 CM GR\u0130 BZD8002"},"content":{"rendered":"<p><span style=\"vertical-align: inherit;\"><span style=\"vertical-align: inherit;\">BUZDOLABI KAPI KOL \u00dcN\u0130VERSAL 15,5 CM GR\u0130 BZD8002<\/span><\/span><\/p>\n","protected":false},"excerpt":{"rendered":"<p>BUZDOLABI KAPI KOL \u00dcN\u0130VERSAL 15,5 CM GR\u0130 BZD8002<\/p>\n","protected":false},"featured_media":151,"comment_status":"open","ping_status":"closed","template":"","meta":[],"product_cat":[41,19],"product_tag":[],"_links":{"self":[{"href":"http:\/\/www.kutupsogutma.net\/index.php?rest_route=\/wp\/v2\/product\/150"}],"collection":[{"href":"http:\/\/www.kutupsogutma.net\/index.php?rest_route=\/wp\/v2\/product"}],"about":[{"href":"http:\/\/www.kutupsogutma.net\/index.php?rest_route=\/wp\/v2\/types\/product"}],"replies":[{"embeddable":true,"href":"http:\/\/www.kutupsogutma.net\/index.php?rest_route=%2Fwp%2Fv2%2Fcomments&post=150"}],"wp:featuredmedia":[{"embeddable":true,"href":"http:\/\/www.kutupsogutma.net\/index.php?rest_route=\/wp\/v2\/media\/151"}],"wp:attachment":[{"href":"http:\/\/www.kutupsogutma.net\/index.php?rest_route=%2Fwp%2Fv2%2Fmedia&parent=150"}],"wp:term":[{"taxonomy":"product_cat","embeddable":true,"href":"http:\/\/www.kutupsogutma.net\/index.php?rest_route=%2Fwp%2Fv2%2Fproduct_cat&post=150"},{"taxonomy":"product_tag","embeddable":true,"href":"http:\/\/www.kutupsogutma.net\/index.php?rest_route=%2Fwp%2Fv2%2Fproduct_tag&post=150"}],"curies":[{"name":"wp","href":"https:\/\/api.w.org\/{rel}","templated":true}]}}