{"id":1477,"date":"2021-05-04T15:14:19","date_gmt":"2021-05-04T12:14:19","guid":{"rendered":"http:\/\/www.kutupsogutma.net\/?post_type=product&#038;p=1477"},"modified":"2021-05-04T15:14:57","modified_gmt":"2021-05-04T12:14:57","slug":"rekor-34-pirinc-klm5014","status":"publish","type":"product","link":"http:\/\/www.kutupsogutma.net\/?product=rekor-34-pirinc-klm5014","title":{"rendered":"REKOR 3\\4 P\u0130R\u0130N\u00c7 KLM5014"},"content":{"rendered":"<p>REKOR 3\\4 P\u0130R\u0130N\u00c7 KLM5014<\/p>\n","protected":false},"excerpt":{"rendered":"<p>REKOR 3\\4 P\u0130R\u0130N\u00c7 KLM5014<\/p>\n","protected":false},"featured_media":1476,"comment_status":"open","ping_status":"closed","template":"","meta":[],"product_cat":[23,109],"product_tag":[1572,1571],"_links":{"self":[{"href":"http:\/\/www.kutupsogutma.net\/index.php?rest_route=\/wp\/v2\/product\/1477"}],"collection":[{"href":"http:\/\/www.kutupsogutma.net\/index.php?rest_route=\/wp\/v2\/product"}],"about":[{"href":"http:\/\/www.kutupsogutma.net\/index.php?rest_route=\/wp\/v2\/types\/product"}],"replies":[{"embeddable":true,"href":"http:\/\/www.kutupsogutma.net\/index.php?rest_route=%2Fwp%2Fv2%2Fcomments&post=1477"}],"wp:featuredmedia":[{"embeddable":true,"href":"http:\/\/www.kutupsogutma.net\/index.php?rest_route=\/wp\/v2\/media\/1476"}],"wp:attachment":[{"href":"http:\/\/www.kutupsogutma.net\/index.php?rest_route=%2Fwp%2Fv2%2Fmedia&parent=1477"}],"wp:term":[{"taxonomy":"product_cat","embeddable":true,"href":"http:\/\/www.kutupsogutma.net\/index.php?rest_route=%2Fwp%2Fv2%2Fproduct_cat&post=1477"},{"taxonomy":"product_tag","embeddable":true,"href":"http:\/\/www.kutupsogutma.net\/index.php?rest_route=%2Fwp%2Fv2%2Fproduct_tag&post=1477"}],"curies":[{"name":"wp","href":"https:\/\/api.w.org\/{rel}","templated":true}]}}