{"id":1475,"date":"2021-05-04T15:13:02","date_gmt":"2021-05-04T12:13:02","guid":{"rendered":"http:\/\/www.kutupsogutma.net\/?post_type=product&#038;p=1475"},"modified":"2021-05-04T15:14:03","modified_gmt":"2021-05-04T12:14:03","slug":"rekor-58-pirinc-klm5013","status":"publish","type":"product","link":"http:\/\/www.kutupsogutma.net\/?product=rekor-58-pirinc-klm5013","title":{"rendered":"REKOR 5\\8 P\u0130R\u0130N\u00c7 KLM5013"},"content":{"rendered":"<p>REKOR 5\\8 P\u0130R\u0130N\u00c7 KLM5013<\/p>\n","protected":false},"excerpt":{"rendered":"<p>REKOR 5\\8 P\u0130R\u0130N\u00c7 KLM5013<\/p>\n","protected":false},"featured_media":1476,"comment_status":"open","ping_status":"closed","template":"","meta":[],"product_cat":[23,109],"product_tag":[1570,1569],"_links":{"self":[{"href":"http:\/\/www.kutupsogutma.net\/index.php?rest_route=\/wp\/v2\/product\/1475"}],"collection":[{"href":"http:\/\/www.kutupsogutma.net\/index.php?rest_route=\/wp\/v2\/product"}],"about":[{"href":"http:\/\/www.kutupsogutma.net\/index.php?rest_route=\/wp\/v2\/types\/product"}],"replies":[{"embeddable":true,"href":"http:\/\/www.kutupsogutma.net\/index.php?rest_route=%2Fwp%2Fv2%2Fcomments&post=1475"}],"wp:featuredmedia":[{"embeddable":true,"href":"http:\/\/www.kutupsogutma.net\/index.php?rest_route=\/wp\/v2\/media\/1476"}],"wp:attachment":[{"href":"http:\/\/www.kutupsogutma.net\/index.php?rest_route=%2Fwp%2Fv2%2Fmedia&parent=1475"}],"wp:term":[{"taxonomy":"product_cat","embeddable":true,"href":"http:\/\/www.kutupsogutma.net\/index.php?rest_route=%2Fwp%2Fv2%2Fproduct_cat&post=1475"},{"taxonomy":"product_tag","embeddable":true,"href":"http:\/\/www.kutupsogutma.net\/index.php?rest_route=%2Fwp%2Fv2%2Fproduct_tag&post=1475"}],"curies":[{"name":"wp","href":"https:\/\/api.w.org\/{rel}","templated":true}]}}