{"id":1474,"date":"2021-05-04T15:12:20","date_gmt":"2021-05-04T12:12:20","guid":{"rendered":"http:\/\/www.kutupsogutma.net\/?post_type=product&#038;p=1474"},"modified":"2021-05-04T15:12:54","modified_gmt":"2021-05-04T12:12:54","slug":"rekor-516-pirinc-klm5012","status":"publish","type":"product","link":"http:\/\/www.kutupsogutma.net\/?product=rekor-516-pirinc-klm5012","title":{"rendered":"REKOR 5\\16 P\u0130R\u0130N\u00c7 KLM5012"},"content":{"rendered":"<p>REKOR 5\\16 P\u0130R\u0130N\u00c7 KLM5012<\/p>\n","protected":false},"excerpt":{"rendered":"<p>REKOR 5\\16 P\u0130R\u0130N\u00c7 KLM5012<\/p>\n","protected":false},"featured_media":1470,"comment_status":"open","ping_status":"closed","template":"","meta":[],"product_cat":[23,109],"product_tag":[1568,1567],"_links":{"self":[{"href":"http:\/\/www.kutupsogutma.net\/index.php?rest_route=\/wp\/v2\/product\/1474"}],"collection":[{"href":"http:\/\/www.kutupsogutma.net\/index.php?rest_route=\/wp\/v2\/product"}],"about":[{"href":"http:\/\/www.kutupsogutma.net\/index.php?rest_route=\/wp\/v2\/types\/product"}],"replies":[{"embeddable":true,"href":"http:\/\/www.kutupsogutma.net\/index.php?rest_route=%2Fwp%2Fv2%2Fcomments&post=1474"}],"wp:featuredmedia":[{"embeddable":true,"href":"http:\/\/www.kutupsogutma.net\/index.php?rest_route=\/wp\/v2\/media\/1470"}],"wp:attachment":[{"href":"http:\/\/www.kutupsogutma.net\/index.php?rest_route=%2Fwp%2Fv2%2Fmedia&parent=1474"}],"wp:term":[{"taxonomy":"product_cat","embeddable":true,"href":"http:\/\/www.kutupsogutma.net\/index.php?rest_route=%2Fwp%2Fv2%2Fproduct_cat&post=1474"},{"taxonomy":"product_tag","embeddable":true,"href":"http:\/\/www.kutupsogutma.net\/index.php?rest_route=%2Fwp%2Fv2%2Fproduct_tag&post=1474"}],"curies":[{"name":"wp","href":"https:\/\/api.w.org\/{rel}","templated":true}]}}