{"id":1471,"date":"2021-05-04T15:10:21","date_gmt":"2021-05-04T12:10:21","guid":{"rendered":"http:\/\/www.kutupsogutma.net\/?post_type=product&#038;p=1471"},"modified":"2021-05-04T15:10:57","modified_gmt":"2021-05-04T12:10:57","slug":"rekor-12-pirinc-klm5010","status":"publish","type":"product","link":"http:\/\/www.kutupsogutma.net\/?product=rekor-12-pirinc-klm5010","title":{"rendered":"REKOR 1\\2 P\u0130R\u0130N\u00c7 KLM5010"},"content":{"rendered":"<p>REKOR 1\\2 P\u0130R\u0130N\u00c7 KLM5010<\/p>\n","protected":false},"excerpt":{"rendered":"<p>REKOR 1\\2 P\u0130R\u0130N\u00c7 KLM5010<\/p>\n","protected":false},"featured_media":1470,"comment_status":"open","ping_status":"closed","template":"","meta":[],"product_cat":[23,109],"product_tag":[1564,1563],"_links":{"self":[{"href":"http:\/\/www.kutupsogutma.net\/index.php?rest_route=\/wp\/v2\/product\/1471"}],"collection":[{"href":"http:\/\/www.kutupsogutma.net\/index.php?rest_route=\/wp\/v2\/product"}],"about":[{"href":"http:\/\/www.kutupsogutma.net\/index.php?rest_route=\/wp\/v2\/types\/product"}],"replies":[{"embeddable":true,"href":"http:\/\/www.kutupsogutma.net\/index.php?rest_route=%2Fwp%2Fv2%2Fcomments&post=1471"}],"wp:featuredmedia":[{"embeddable":true,"href":"http:\/\/www.kutupsogutma.net\/index.php?rest_route=\/wp\/v2\/media\/1470"}],"wp:attachment":[{"href":"http:\/\/www.kutupsogutma.net\/index.php?rest_route=%2Fwp%2Fv2%2Fmedia&parent=1471"}],"wp:term":[{"taxonomy":"product_cat","embeddable":true,"href":"http:\/\/www.kutupsogutma.net\/index.php?rest_route=%2Fwp%2Fv2%2Fproduct_cat&post=1471"},{"taxonomy":"product_tag","embeddable":true,"href":"http:\/\/www.kutupsogutma.net\/index.php?rest_route=%2Fwp%2Fv2%2Fproduct_tag&post=1471"}],"curies":[{"name":"wp","href":"https:\/\/api.w.org\/{rel}","templated":true}]}}