{"id":1465,"date":"2021-05-04T15:06:57","date_gmt":"2021-05-04T12:06:57","guid":{"rendered":"http:\/\/www.kutupsogutma.net\/?post_type=product&#038;p=1465"},"modified":"2021-05-04T15:07:53","modified_gmt":"2021-05-04T12:07:53","slug":"unyon-rediksiyon-erkek-erkek-3-8-1-2-pirinc-klm5007","status":"publish","type":"product","link":"http:\/\/www.kutupsogutma.net\/?product=unyon-rediksiyon-erkek-erkek-3-8-1-2-pirinc-klm5007","title":{"rendered":"\u00dcNYON RED\u0130KS\u0130YON ERKEK ERKEK 3\/8 -1\/2 P\u0130R\u0130N\u00c7 KLM5007"},"content":{"rendered":"<p>\u00dcNYON RED\u0130KS\u0130YON ERKEK ERKEK 3\/8 -1\/2 P\u0130R\u0130N\u00c7 KLM5007<\/p>\n","protected":false},"excerpt":{"rendered":"<p>\u00dcNYON RED\u0130KS\u0130YON ERKEK ERKEK 3\/8 -1\/2 P\u0130R\u0130N\u00c7 KLM5007<\/p>\n","protected":false},"featured_media":1466,"comment_status":"open","ping_status":"closed","template":"","meta":[],"product_cat":[23,109],"product_tag":[1558,1554,1557],"_links":{"self":[{"href":"http:\/\/www.kutupsogutma.net\/index.php?rest_route=\/wp\/v2\/product\/1465"}],"collection":[{"href":"http:\/\/www.kutupsogutma.net\/index.php?rest_route=\/wp\/v2\/product"}],"about":[{"href":"http:\/\/www.kutupsogutma.net\/index.php?rest_route=\/wp\/v2\/types\/product"}],"replies":[{"embeddable":true,"href":"http:\/\/www.kutupsogutma.net\/index.php?rest_route=%2Fwp%2Fv2%2Fcomments&post=1465"}],"wp:featuredmedia":[{"embeddable":true,"href":"http:\/\/www.kutupsogutma.net\/index.php?rest_route=\/wp\/v2\/media\/1466"}],"wp:attachment":[{"href":"http:\/\/www.kutupsogutma.net\/index.php?rest_route=%2Fwp%2Fv2%2Fmedia&parent=1465"}],"wp:term":[{"taxonomy":"product_cat","embeddable":true,"href":"http:\/\/www.kutupsogutma.net\/index.php?rest_route=%2Fwp%2Fv2%2Fproduct_cat&post=1465"},{"taxonomy":"product_tag","embeddable":true,"href":"http:\/\/www.kutupsogutma.net\/index.php?rest_route=%2Fwp%2Fv2%2Fproduct_tag&post=1465"}],"curies":[{"name":"wp","href":"https:\/\/api.w.org\/{rel}","templated":true}]}}