{"id":1463,"date":"2021-05-04T15:06:09","date_gmt":"2021-05-04T12:06:09","guid":{"rendered":"http:\/\/www.kutupsogutma.net\/?post_type=product&#038;p=1463"},"modified":"2021-05-04T15:06:50","modified_gmt":"2021-05-04T12:06:50","slug":"unyon-rediksiyon-erkek-erkek-1-4-3-8-pirinc-klm5006","status":"publish","type":"product","link":"http:\/\/www.kutupsogutma.net\/?product=unyon-rediksiyon-erkek-erkek-1-4-3-8-pirinc-klm5006","title":{"rendered":"\u00dcNYON RED\u0130KS\u0130YON ERKEK ERKEK 1\/4-3\/8 P\u0130R\u0130N\u00c7 KLM5006"},"content":{"rendered":"<p>\u00dcNYON RED\u0130KS\u0130YON ERKEK ERKEK 1\/4-3\/8 P\u0130R\u0130N\u00c7 KLM5006<\/p>\n","protected":false},"excerpt":{"rendered":"<p>\u00dcNYON RED\u0130KS\u0130YON ERKEK ERKEK 1\/4-3\/8 P\u0130R\u0130N\u00c7 KLM5006<\/p>\n","protected":false},"featured_media":1462,"comment_status":"open","ping_status":"closed","template":"","meta":[],"product_cat":[23,109],"product_tag":[1556,1554,1555],"_links":{"self":[{"href":"http:\/\/www.kutupsogutma.net\/index.php?rest_route=\/wp\/v2\/product\/1463"}],"collection":[{"href":"http:\/\/www.kutupsogutma.net\/index.php?rest_route=\/wp\/v2\/product"}],"about":[{"href":"http:\/\/www.kutupsogutma.net\/index.php?rest_route=\/wp\/v2\/types\/product"}],"replies":[{"embeddable":true,"href":"http:\/\/www.kutupsogutma.net\/index.php?rest_route=%2Fwp%2Fv2%2Fcomments&post=1463"}],"wp:featuredmedia":[{"embeddable":true,"href":"http:\/\/www.kutupsogutma.net\/index.php?rest_route=\/wp\/v2\/media\/1462"}],"wp:attachment":[{"href":"http:\/\/www.kutupsogutma.net\/index.php?rest_route=%2Fwp%2Fv2%2Fmedia&parent=1463"}],"wp:term":[{"taxonomy":"product_cat","embeddable":true,"href":"http:\/\/www.kutupsogutma.net\/index.php?rest_route=%2Fwp%2Fv2%2Fproduct_cat&post=1463"},{"taxonomy":"product_tag","embeddable":true,"href":"http:\/\/www.kutupsogutma.net\/index.php?rest_route=%2Fwp%2Fv2%2Fproduct_tag&post=1463"}],"curies":[{"name":"wp","href":"https:\/\/api.w.org\/{rel}","templated":true}]}}