{"id":1461,"date":"2021-05-04T15:04:49","date_gmt":"2021-05-04T12:04:49","guid":{"rendered":"http:\/\/www.kutupsogutma.net\/?post_type=product&#038;p=1461"},"modified":"2021-05-04T15:06:00","modified_gmt":"2021-05-04T12:06:00","slug":"unyon-rediksiyon-erkek-erkek-1-4-1-2-pirinc-klm5005","status":"publish","type":"product","link":"http:\/\/www.kutupsogutma.net\/?product=unyon-rediksiyon-erkek-erkek-1-4-1-2-pirinc-klm5005","title":{"rendered":"\u00dcNYON RED\u0130KS\u0130YON ERKEK ERKEK 1\/4-1\/2 P\u0130R\u0130N\u00c7 KLM5005"},"content":{"rendered":"<p>\u00dcNYON RED\u0130KS\u0130YON ERKEK ERKEK 1\/4-1\/2 P\u0130R\u0130N\u00c7 KLM5005<\/p>\n","protected":false},"excerpt":{"rendered":"<p>\u00dcNYON RED\u0130KS\u0130YON ERKEK ERKEK 1\/4-1\/2 P\u0130R\u0130N\u00c7 KLM5005<\/p>\n","protected":false},"featured_media":1462,"comment_status":"open","ping_status":"closed","template":"","meta":[],"product_cat":[23,109],"product_tag":[1553,1552,1554,1551],"_links":{"self":[{"href":"http:\/\/www.kutupsogutma.net\/index.php?rest_route=\/wp\/v2\/product\/1461"}],"collection":[{"href":"http:\/\/www.kutupsogutma.net\/index.php?rest_route=\/wp\/v2\/product"}],"about":[{"href":"http:\/\/www.kutupsogutma.net\/index.php?rest_route=\/wp\/v2\/types\/product"}],"replies":[{"embeddable":true,"href":"http:\/\/www.kutupsogutma.net\/index.php?rest_route=%2Fwp%2Fv2%2Fcomments&post=1461"}],"wp:featuredmedia":[{"embeddable":true,"href":"http:\/\/www.kutupsogutma.net\/index.php?rest_route=\/wp\/v2\/media\/1462"}],"wp:attachment":[{"href":"http:\/\/www.kutupsogutma.net\/index.php?rest_route=%2Fwp%2Fv2%2Fmedia&parent=1461"}],"wp:term":[{"taxonomy":"product_cat","embeddable":true,"href":"http:\/\/www.kutupsogutma.net\/index.php?rest_route=%2Fwp%2Fv2%2Fproduct_cat&post=1461"},{"taxonomy":"product_tag","embeddable":true,"href":"http:\/\/www.kutupsogutma.net\/index.php?rest_route=%2Fwp%2Fv2%2Fproduct_tag&post=1461"}],"curies":[{"name":"wp","href":"https:\/\/api.w.org\/{rel}","templated":true}]}}