{"id":1459,"date":"2021-05-04T15:03:18","date_gmt":"2021-05-04T12:03:18","guid":{"rendered":"http:\/\/www.kutupsogutma.net\/?post_type=product&#038;p=1459"},"modified":"2021-05-04T15:04:02","modified_gmt":"2021-05-04T12:04:02","slug":"unyon-reduksiyon-5-8-pirinc-klm5003","status":"publish","type":"product","link":"http:\/\/www.kutupsogutma.net\/?product=unyon-reduksiyon-5-8-pirinc-klm5003","title":{"rendered":"\u00dcNYON RED\u00dcKS\u0130YON 5\/8 P\u0130R\u0130N\u00c7 KLM5003"},"content":{"rendered":"<p>\u00dcNYON RED\u00dcKS\u0130YON 5\/8 P\u0130R\u0130N\u00c7 KLM5003<\/p>\n","protected":false},"excerpt":{"rendered":"<p>\u00dcNYON RED\u00dcKS\u0130YON 5\/8 P\u0130R\u0130N\u00c7 KLM5003<\/p>\n","protected":false},"featured_media":1456,"comment_status":"open","ping_status":"closed","template":"","meta":[],"product_cat":[23,109],"product_tag":[1549],"_links":{"self":[{"href":"http:\/\/www.kutupsogutma.net\/index.php?rest_route=\/wp\/v2\/product\/1459"}],"collection":[{"href":"http:\/\/www.kutupsogutma.net\/index.php?rest_route=\/wp\/v2\/product"}],"about":[{"href":"http:\/\/www.kutupsogutma.net\/index.php?rest_route=\/wp\/v2\/types\/product"}],"replies":[{"embeddable":true,"href":"http:\/\/www.kutupsogutma.net\/index.php?rest_route=%2Fwp%2Fv2%2Fcomments&post=1459"}],"wp:featuredmedia":[{"embeddable":true,"href":"http:\/\/www.kutupsogutma.net\/index.php?rest_route=\/wp\/v2\/media\/1456"}],"wp:attachment":[{"href":"http:\/\/www.kutupsogutma.net\/index.php?rest_route=%2Fwp%2Fv2%2Fmedia&parent=1459"}],"wp:term":[{"taxonomy":"product_cat","embeddable":true,"href":"http:\/\/www.kutupsogutma.net\/index.php?rest_route=%2Fwp%2Fv2%2Fproduct_cat&post=1459"},{"taxonomy":"product_tag","embeddable":true,"href":"http:\/\/www.kutupsogutma.net\/index.php?rest_route=%2Fwp%2Fv2%2Fproduct_tag&post=1459"}],"curies":[{"name":"wp","href":"https:\/\/api.w.org\/{rel}","templated":true}]}}