{"id":1458,"date":"2021-05-04T15:02:37","date_gmt":"2021-05-04T12:02:37","guid":{"rendered":"http:\/\/www.kutupsogutma.net\/?post_type=product&#038;p=1458"},"modified":"2021-05-04T15:03:12","modified_gmt":"2021-05-04T12:03:12","slug":"unyon-reduksiyon-1-2-pirinc-klm5002","status":"publish","type":"product","link":"http:\/\/www.kutupsogutma.net\/?product=unyon-reduksiyon-1-2-pirinc-klm5002","title":{"rendered":"\u00dcNYON RED\u00dcKS\u0130YON 1\/2 P\u0130R\u0130N\u00c7 KLM5002"},"content":{"rendered":"<p>\u00dcNYON RED\u00dcKS\u0130YON 1\/2 P\u0130R\u0130N\u00c7 KLM5002<\/p>\n","protected":false},"excerpt":{"rendered":"<p>\u00dcNYON RED\u00dcKS\u0130YON 1\/2 P\u0130R\u0130N\u00c7 KLM5002<\/p>\n","protected":false},"featured_media":1456,"comment_status":"open","ping_status":"closed","template":"","meta":[],"product_cat":[23,109],"product_tag":[1548],"_links":{"self":[{"href":"http:\/\/www.kutupsogutma.net\/index.php?rest_route=\/wp\/v2\/product\/1458"}],"collection":[{"href":"http:\/\/www.kutupsogutma.net\/index.php?rest_route=\/wp\/v2\/product"}],"about":[{"href":"http:\/\/www.kutupsogutma.net\/index.php?rest_route=\/wp\/v2\/types\/product"}],"replies":[{"embeddable":true,"href":"http:\/\/www.kutupsogutma.net\/index.php?rest_route=%2Fwp%2Fv2%2Fcomments&post=1458"}],"wp:featuredmedia":[{"embeddable":true,"href":"http:\/\/www.kutupsogutma.net\/index.php?rest_route=\/wp\/v2\/media\/1456"}],"wp:attachment":[{"href":"http:\/\/www.kutupsogutma.net\/index.php?rest_route=%2Fwp%2Fv2%2Fmedia&parent=1458"}],"wp:term":[{"taxonomy":"product_cat","embeddable":true,"href":"http:\/\/www.kutupsogutma.net\/index.php?rest_route=%2Fwp%2Fv2%2Fproduct_cat&post=1458"},{"taxonomy":"product_tag","embeddable":true,"href":"http:\/\/www.kutupsogutma.net\/index.php?rest_route=%2Fwp%2Fv2%2Fproduct_tag&post=1458"}],"curies":[{"name":"wp","href":"https:\/\/api.w.org\/{rel}","templated":true}]}}