{"id":1455,"date":"2021-05-04T15:00:26","date_gmt":"2021-05-04T12:00:26","guid":{"rendered":"http:\/\/www.kutupsogutma.net\/?post_type=product&#038;p=1455"},"modified":"2021-05-04T15:01:35","modified_gmt":"2021-05-04T12:01:35","slug":"unyon-reduksiyon-1-4-pirinc-klm5000","status":"publish","type":"product","link":"http:\/\/www.kutupsogutma.net\/?product=unyon-reduksiyon-1-4-pirinc-klm5000","title":{"rendered":"\u00dcNYON RED\u00dcKS\u0130YON 1\/4 P\u0130R\u0130N\u00c7 KLM5000"},"content":{"rendered":"<p>\u00dcNYON RED\u00dcKS\u0130YON 1\/4 P\u0130R\u0130N\u00c7 KLM5000<\/p>\n","protected":false},"excerpt":{"rendered":"<p>\u00dcNYON RED\u00dcKS\u0130YON 1\/4 P\u0130R\u0130N\u00c7 KLM5000<\/p>\n","protected":false},"featured_media":1456,"comment_status":"open","ping_status":"closed","template":"","meta":[],"product_cat":[23,109],"product_tag":[1546],"_links":{"self":[{"href":"http:\/\/www.kutupsogutma.net\/index.php?rest_route=\/wp\/v2\/product\/1455"}],"collection":[{"href":"http:\/\/www.kutupsogutma.net\/index.php?rest_route=\/wp\/v2\/product"}],"about":[{"href":"http:\/\/www.kutupsogutma.net\/index.php?rest_route=\/wp\/v2\/types\/product"}],"replies":[{"embeddable":true,"href":"http:\/\/www.kutupsogutma.net\/index.php?rest_route=%2Fwp%2Fv2%2Fcomments&post=1455"}],"wp:featuredmedia":[{"embeddable":true,"href":"http:\/\/www.kutupsogutma.net\/index.php?rest_route=\/wp\/v2\/media\/1456"}],"wp:attachment":[{"href":"http:\/\/www.kutupsogutma.net\/index.php?rest_route=%2Fwp%2Fv2%2Fmedia&parent=1455"}],"wp:term":[{"taxonomy":"product_cat","embeddable":true,"href":"http:\/\/www.kutupsogutma.net\/index.php?rest_route=%2Fwp%2Fv2%2Fproduct_cat&post=1455"},{"taxonomy":"product_tag","embeddable":true,"href":"http:\/\/www.kutupsogutma.net\/index.php?rest_route=%2Fwp%2Fv2%2Fproduct_tag&post=1455"}],"curies":[{"name":"wp","href":"https:\/\/api.w.org\/{rel}","templated":true}]}}