{"id":1446,"date":"2021-05-04T14:27:33","date_gmt":"2021-05-04T11:27:33","guid":{"rendered":"http:\/\/www.kutupsogutma.net\/?post_type=product&#038;p=1446"},"modified":"2021-05-04T14:50:40","modified_gmt":"2021-05-04T11:50:40","slug":"klima-drenaj-pompasi-clim-deco-klm3000","status":"publish","type":"product","link":"http:\/\/www.kutupsogutma.net\/?product=klima-drenaj-pompasi-clim-deco-klm3000","title":{"rendered":"KL\u0130MA DRENAJ POMPASI CL\u0130M DECO KLM3000"},"content":{"rendered":"<p>KL\u0130MA DRENAJ POMPASI CL\u0130M DECO KLM3000<\/p>\n","protected":false},"excerpt":{"rendered":"<p>KL\u0130MA DRENAJ POMPASI CL\u0130M DECO KLM3000<\/p>\n","protected":false},"featured_media":1447,"comment_status":"open","ping_status":"closed","template":"","meta":[],"product_cat":[107,23],"product_tag":[1540,1539],"_links":{"self":[{"href":"http:\/\/www.kutupsogutma.net\/index.php?rest_route=\/wp\/v2\/product\/1446"}],"collection":[{"href":"http:\/\/www.kutupsogutma.net\/index.php?rest_route=\/wp\/v2\/product"}],"about":[{"href":"http:\/\/www.kutupsogutma.net\/index.php?rest_route=\/wp\/v2\/types\/product"}],"replies":[{"embeddable":true,"href":"http:\/\/www.kutupsogutma.net\/index.php?rest_route=%2Fwp%2Fv2%2Fcomments&post=1446"}],"wp:featuredmedia":[{"embeddable":true,"href":"http:\/\/www.kutupsogutma.net\/index.php?rest_route=\/wp\/v2\/media\/1447"}],"wp:attachment":[{"href":"http:\/\/www.kutupsogutma.net\/index.php?rest_route=%2Fwp%2Fv2%2Fmedia&parent=1446"}],"wp:term":[{"taxonomy":"product_cat","embeddable":true,"href":"http:\/\/www.kutupsogutma.net\/index.php?rest_route=%2Fwp%2Fv2%2Fproduct_cat&post=1446"},{"taxonomy":"product_tag","embeddable":true,"href":"http:\/\/www.kutupsogutma.net\/index.php?rest_route=%2Fwp%2Fv2%2Fproduct_tag&post=1446"}],"curies":[{"name":"wp","href":"https:\/\/api.w.org\/{rel}","templated":true}]}}