{"id":1443,"date":"2021-05-04T14:25:16","date_gmt":"2021-05-04T11:25:16","guid":{"rendered":"http:\/\/www.kutupsogutma.net\/?post_type=product&#038;p=1443"},"modified":"2021-05-04T14:25:58","modified_gmt":"2021-05-04T11:25:58","slug":"klima-montaj-kiti-38-58-5-mt-klm2010","status":"publish","type":"product","link":"http:\/\/www.kutupsogutma.net\/?product=klima-montaj-kiti-38-58-5-mt-klm2010","title":{"rendered":"KL\u0130MA MONTAJ K\u0130T\u0130 3\\8 5\\8 5 MT KLM2010"},"content":{"rendered":"<p>KL\u0130MA MONTAJ K\u0130T\u0130 3\\8 5\\8 5 MT KLM2010<\/p>\n","protected":false},"excerpt":{"rendered":"<p>KL\u0130MA MONTAJ K\u0130T\u0130 3\\8 5\\8 5 MT KLM2010<\/p>\n","protected":false},"featured_media":1433,"comment_status":"open","ping_status":"closed","template":"","meta":[],"product_cat":[106,23],"product_tag":[1535,1534],"_links":{"self":[{"href":"http:\/\/www.kutupsogutma.net\/index.php?rest_route=\/wp\/v2\/product\/1443"}],"collection":[{"href":"http:\/\/www.kutupsogutma.net\/index.php?rest_route=\/wp\/v2\/product"}],"about":[{"href":"http:\/\/www.kutupsogutma.net\/index.php?rest_route=\/wp\/v2\/types\/product"}],"replies":[{"embeddable":true,"href":"http:\/\/www.kutupsogutma.net\/index.php?rest_route=%2Fwp%2Fv2%2Fcomments&post=1443"}],"wp:featuredmedia":[{"embeddable":true,"href":"http:\/\/www.kutupsogutma.net\/index.php?rest_route=\/wp\/v2\/media\/1433"}],"wp:attachment":[{"href":"http:\/\/www.kutupsogutma.net\/index.php?rest_route=%2Fwp%2Fv2%2Fmedia&parent=1443"}],"wp:term":[{"taxonomy":"product_cat","embeddable":true,"href":"http:\/\/www.kutupsogutma.net\/index.php?rest_route=%2Fwp%2Fv2%2Fproduct_cat&post=1443"},{"taxonomy":"product_tag","embeddable":true,"href":"http:\/\/www.kutupsogutma.net\/index.php?rest_route=%2Fwp%2Fv2%2Fproduct_tag&post=1443"}],"curies":[{"name":"wp","href":"https:\/\/api.w.org\/{rel}","templated":true}]}}