{"id":1441,"date":"2021-05-04T14:23:40","date_gmt":"2021-05-04T11:23:40","guid":{"rendered":"http:\/\/www.kutupsogutma.net\/?post_type=product&#038;p=1441"},"modified":"2021-05-04T14:24:23","modified_gmt":"2021-05-04T11:24:23","slug":"klima-montaj-kiti-14-58-4-mt-klm2008","status":"publish","type":"product","link":"http:\/\/www.kutupsogutma.net\/?product=klima-montaj-kiti-14-58-4-mt-klm2008","title":{"rendered":"KL\u0130MA MONTAJ K\u0130T\u0130 1\\4 5\\8 4 MT KLM2008"},"content":{"rendered":"<p>KL\u0130MA MONTAJ K\u0130T\u0130 1\\4 5\\8 4 MT KLM2008<\/p>\n","protected":false},"excerpt":{"rendered":"<p>KL\u0130MA MONTAJ K\u0130T\u0130 1\\4 5\\8 4 MT KLM2008<\/p>\n","protected":false},"featured_media":1433,"comment_status":"open","ping_status":"closed","template":"","meta":[],"product_cat":[106,23],"product_tag":[1532,1531],"_links":{"self":[{"href":"http:\/\/www.kutupsogutma.net\/index.php?rest_route=\/wp\/v2\/product\/1441"}],"collection":[{"href":"http:\/\/www.kutupsogutma.net\/index.php?rest_route=\/wp\/v2\/product"}],"about":[{"href":"http:\/\/www.kutupsogutma.net\/index.php?rest_route=\/wp\/v2\/types\/product"}],"replies":[{"embeddable":true,"href":"http:\/\/www.kutupsogutma.net\/index.php?rest_route=%2Fwp%2Fv2%2Fcomments&post=1441"}],"wp:featuredmedia":[{"embeddable":true,"href":"http:\/\/www.kutupsogutma.net\/index.php?rest_route=\/wp\/v2\/media\/1433"}],"wp:attachment":[{"href":"http:\/\/www.kutupsogutma.net\/index.php?rest_route=%2Fwp%2Fv2%2Fmedia&parent=1441"}],"wp:term":[{"taxonomy":"product_cat","embeddable":true,"href":"http:\/\/www.kutupsogutma.net\/index.php?rest_route=%2Fwp%2Fv2%2Fproduct_cat&post=1441"},{"taxonomy":"product_tag","embeddable":true,"href":"http:\/\/www.kutupsogutma.net\/index.php?rest_route=%2Fwp%2Fv2%2Fproduct_tag&post=1441"}],"curies":[{"name":"wp","href":"https:\/\/api.w.org\/{rel}","templated":true}]}}