{"id":1426,"date":"2021-05-04T13:56:00","date_gmt":"2021-05-04T10:56:00","guid":{"rendered":"http:\/\/www.kutupsogutma.net\/?post_type=product&#038;p=1426"},"modified":"2021-05-04T13:56:49","modified_gmt":"2021-05-04T10:56:49","slug":"kapasitor-kondansator-556-mf-klm1018","status":"publish","type":"product","link":"http:\/\/www.kutupsogutma.net\/?product=kapasitor-kondansator-556-mf-klm1018","title":{"rendered":"KAPAS\u0130T\u00d6R KONDANSAT\u00d6R 55+6 MF KLM1018"},"content":{"rendered":"<p>KAPAS\u0130T\u00d6R KONDANSAT\u00d6R 55+6 MF KLM1018<\/p>\n","protected":false},"excerpt":{"rendered":"<p>KAPAS\u0130T\u00d6R KONDANSAT\u00d6R 55+6 MF KLM1018<\/p>\n","protected":false},"featured_media":1425,"comment_status":"open","ping_status":"closed","template":"","meta":[],"product_cat":[105,23],"product_tag":[1508,1509,1488,1507,1470],"_links":{"self":[{"href":"http:\/\/www.kutupsogutma.net\/index.php?rest_route=\/wp\/v2\/product\/1426"}],"collection":[{"href":"http:\/\/www.kutupsogutma.net\/index.php?rest_route=\/wp\/v2\/product"}],"about":[{"href":"http:\/\/www.kutupsogutma.net\/index.php?rest_route=\/wp\/v2\/types\/product"}],"replies":[{"embeddable":true,"href":"http:\/\/www.kutupsogutma.net\/index.php?rest_route=%2Fwp%2Fv2%2Fcomments&post=1426"}],"wp:featuredmedia":[{"embeddable":true,"href":"http:\/\/www.kutupsogutma.net\/index.php?rest_route=\/wp\/v2\/media\/1425"}],"wp:attachment":[{"href":"http:\/\/www.kutupsogutma.net\/index.php?rest_route=%2Fwp%2Fv2%2Fmedia&parent=1426"}],"wp:term":[{"taxonomy":"product_cat","embeddable":true,"href":"http:\/\/www.kutupsogutma.net\/index.php?rest_route=%2Fwp%2Fv2%2Fproduct_cat&post=1426"},{"taxonomy":"product_tag","embeddable":true,"href":"http:\/\/www.kutupsogutma.net\/index.php?rest_route=%2Fwp%2Fv2%2Fproduct_tag&post=1426"}],"curies":[{"name":"wp","href":"https:\/\/api.w.org\/{rel}","templated":true}]}}