{"id":1399,"date":"2021-05-04T13:36:52","date_gmt":"2021-05-04T10:36:52","guid":{"rendered":"http:\/\/www.kutupsogutma.net\/?post_type=product&#038;p=1399"},"modified":"2021-05-04T13:39:43","modified_gmt":"2021-05-04T10:39:43","slug":"kapasitor-kondansator-16-mf-klm1004","status":"publish","type":"product","link":"http:\/\/www.kutupsogutma.net\/?product=kapasitor-kondansator-16-mf-klm1004","title":{"rendered":"KAPAS\u0130T\u00d6R KONDANSAT\u00d6R 16 MF KLM1004"},"content":{"rendered":"<p>KAPAS\u0130T\u00d6R KONDANSAT\u00d6R 16 MF KLM1004<\/p>\n","protected":false},"excerpt":{"rendered":"<p>KAPAS\u0130T\u00d6R KONDANSAT\u00d6R 16 MF KLM1004<\/p>\n","protected":false},"featured_media":1402,"comment_status":"open","ping_status":"closed","template":"","meta":[],"product_cat":[105,23],"product_tag":[1477,1478,1470],"_links":{"self":[{"href":"http:\/\/www.kutupsogutma.net\/index.php?rest_route=\/wp\/v2\/product\/1399"}],"collection":[{"href":"http:\/\/www.kutupsogutma.net\/index.php?rest_route=\/wp\/v2\/product"}],"about":[{"href":"http:\/\/www.kutupsogutma.net\/index.php?rest_route=\/wp\/v2\/types\/product"}],"replies":[{"embeddable":true,"href":"http:\/\/www.kutupsogutma.net\/index.php?rest_route=%2Fwp%2Fv2%2Fcomments&post=1399"}],"wp:featuredmedia":[{"embeddable":true,"href":"http:\/\/www.kutupsogutma.net\/index.php?rest_route=\/wp\/v2\/media\/1402"}],"wp:attachment":[{"href":"http:\/\/www.kutupsogutma.net\/index.php?rest_route=%2Fwp%2Fv2%2Fmedia&parent=1399"}],"wp:term":[{"taxonomy":"product_cat","embeddable":true,"href":"http:\/\/www.kutupsogutma.net\/index.php?rest_route=%2Fwp%2Fv2%2Fproduct_cat&post=1399"},{"taxonomy":"product_tag","embeddable":true,"href":"http:\/\/www.kutupsogutma.net\/index.php?rest_route=%2Fwp%2Fv2%2Fproduct_tag&post=1399"}],"curies":[{"name":"wp","href":"https:\/\/api.w.org\/{rel}","templated":true}]}}