{"id":1398,"date":"2021-05-04T13:35:59","date_gmt":"2021-05-04T10:35:59","guid":{"rendered":"http:\/\/www.kutupsogutma.net\/?post_type=product&#038;p=1398"},"modified":"2021-05-04T13:40:20","modified_gmt":"2021-05-04T10:40:20","slug":"kapasitor-kondansator-10-mf-klm1003","status":"publish","type":"product","link":"http:\/\/www.kutupsogutma.net\/?product=kapasitor-kondansator-10-mf-klm1003","title":{"rendered":"KAPAS\u0130T\u00d6R KONDANSAT\u00d6R 10 MF KLM1003"},"content":{"rendered":"<p>KAPAS\u0130T\u00d6R KONDANSAT\u00d6R 10 MF KLM1003<\/p>\n","protected":false},"excerpt":{"rendered":"<p>KAPAS\u0130T\u00d6R KONDANSAT\u00d6R 10 MF KLM1003<\/p>\n","protected":false},"featured_media":1403,"comment_status":"open","ping_status":"closed","template":"","meta":[],"product_cat":[105,23],"product_tag":[1475,1476,1470],"_links":{"self":[{"href":"http:\/\/www.kutupsogutma.net\/index.php?rest_route=\/wp\/v2\/product\/1398"}],"collection":[{"href":"http:\/\/www.kutupsogutma.net\/index.php?rest_route=\/wp\/v2\/product"}],"about":[{"href":"http:\/\/www.kutupsogutma.net\/index.php?rest_route=\/wp\/v2\/types\/product"}],"replies":[{"embeddable":true,"href":"http:\/\/www.kutupsogutma.net\/index.php?rest_route=%2Fwp%2Fv2%2Fcomments&post=1398"}],"wp:featuredmedia":[{"embeddable":true,"href":"http:\/\/www.kutupsogutma.net\/index.php?rest_route=\/wp\/v2\/media\/1403"}],"wp:attachment":[{"href":"http:\/\/www.kutupsogutma.net\/index.php?rest_route=%2Fwp%2Fv2%2Fmedia&parent=1398"}],"wp:term":[{"taxonomy":"product_cat","embeddable":true,"href":"http:\/\/www.kutupsogutma.net\/index.php?rest_route=%2Fwp%2Fv2%2Fproduct_cat&post=1398"},{"taxonomy":"product_tag","embeddable":true,"href":"http:\/\/www.kutupsogutma.net\/index.php?rest_route=%2Fwp%2Fv2%2Fproduct_tag&post=1398"}],"curies":[{"name":"wp","href":"https:\/\/api.w.org\/{rel}","templated":true}]}}