{"id":1394,"date":"2021-05-04T13:33:32","date_gmt":"2021-05-04T10:33:32","guid":{"rendered":"http:\/\/www.kutupsogutma.net\/?post_type=product&#038;p=1394"},"modified":"2021-05-04T13:33:33","modified_gmt":"2021-05-04T10:33:33","slug":"kapasitor-kondansator-047-mf-parazit-klm1000","status":"publish","type":"product","link":"http:\/\/www.kutupsogutma.net\/?product=kapasitor-kondansator-047-mf-parazit-klm1000","title":{"rendered":"KAPAS\u0130T\u00d6R KONDANSAT\u00d6R 0,47 MF PARAZ\u0130T KLM1000"},"content":{"rendered":"<p>KAPAS\u0130T\u00d6R KONDANSAT\u00d6R 0,47 MF PARAZ\u0130T KLM1000<\/p>\n","protected":false},"excerpt":{"rendered":"<p>KAPAS\u0130T\u00d6R KONDANSAT\u00d6R 0,47 MF PARAZ\u0130T KLM1000<\/p>\n","protected":false},"featured_media":1393,"comment_status":"open","ping_status":"closed","template":"","meta":[],"product_cat":[105,23],"product_tag":[1466,1467],"_links":{"self":[{"href":"http:\/\/www.kutupsogutma.net\/index.php?rest_route=\/wp\/v2\/product\/1394"}],"collection":[{"href":"http:\/\/www.kutupsogutma.net\/index.php?rest_route=\/wp\/v2\/product"}],"about":[{"href":"http:\/\/www.kutupsogutma.net\/index.php?rest_route=\/wp\/v2\/types\/product"}],"replies":[{"embeddable":true,"href":"http:\/\/www.kutupsogutma.net\/index.php?rest_route=%2Fwp%2Fv2%2Fcomments&post=1394"}],"wp:featuredmedia":[{"embeddable":true,"href":"http:\/\/www.kutupsogutma.net\/index.php?rest_route=\/wp\/v2\/media\/1393"}],"wp:attachment":[{"href":"http:\/\/www.kutupsogutma.net\/index.php?rest_route=%2Fwp%2Fv2%2Fmedia&parent=1394"}],"wp:term":[{"taxonomy":"product_cat","embeddable":true,"href":"http:\/\/www.kutupsogutma.net\/index.php?rest_route=%2Fwp%2Fv2%2Fproduct_cat&post=1394"},{"taxonomy":"product_tag","embeddable":true,"href":"http:\/\/www.kutupsogutma.net\/index.php?rest_route=%2Fwp%2Fv2%2Fproduct_tag&post=1394"}],"curies":[{"name":"wp","href":"https:\/\/api.w.org\/{rel}","templated":true}]}}