{"id":1380,"date":"2021-05-04T12:27:24","date_gmt":"2021-05-04T09:27:24","guid":{"rendered":"http:\/\/www.kutupsogutma.net\/?post_type=product&#038;p=1380"},"modified":"2021-05-04T12:28:24","modified_gmt":"2021-05-04T09:28:24","slug":"aspirator-salter-swich-beyaz-dortlu-ka4004","status":"publish","type":"product","link":"http:\/\/www.kutupsogutma.net\/?product=aspirator-salter-swich-beyaz-dortlu-ka4004","title":{"rendered":"ASP\u0130RAT\u00d6R \u015eALTER-SW\u0130CH BEYAZ D\u00d6RTL\u00dc KA4004"},"content":{"rendered":"<p>ASP\u0130RAT\u00d6R \u015eALTER-SW\u0130CH BEYAZ D\u00d6RTL\u00dc KA4004<\/p>\n","protected":false},"excerpt":{"rendered":"<p>ASP\u0130RAT\u00d6R \u015eALTER-SW\u0130CH BEYAZ D\u00d6RTL\u00dc KA4004<\/p>\n","protected":false},"featured_media":1381,"comment_status":"open","ping_status":"closed","template":"","meta":[],"product_cat":[103,17],"product_tag":[1449,1450],"_links":{"self":[{"href":"http:\/\/www.kutupsogutma.net\/index.php?rest_route=\/wp\/v2\/product\/1380"}],"collection":[{"href":"http:\/\/www.kutupsogutma.net\/index.php?rest_route=\/wp\/v2\/product"}],"about":[{"href":"http:\/\/www.kutupsogutma.net\/index.php?rest_route=\/wp\/v2\/types\/product"}],"replies":[{"embeddable":true,"href":"http:\/\/www.kutupsogutma.net\/index.php?rest_route=%2Fwp%2Fv2%2Fcomments&post=1380"}],"wp:featuredmedia":[{"embeddable":true,"href":"http:\/\/www.kutupsogutma.net\/index.php?rest_route=\/wp\/v2\/media\/1381"}],"wp:attachment":[{"href":"http:\/\/www.kutupsogutma.net\/index.php?rest_route=%2Fwp%2Fv2%2Fmedia&parent=1380"}],"wp:term":[{"taxonomy":"product_cat","embeddable":true,"href":"http:\/\/www.kutupsogutma.net\/index.php?rest_route=%2Fwp%2Fv2%2Fproduct_cat&post=1380"},{"taxonomy":"product_tag","embeddable":true,"href":"http:\/\/www.kutupsogutma.net\/index.php?rest_route=%2Fwp%2Fv2%2Fproduct_tag&post=1380"}],"curies":[{"name":"wp","href":"https:\/\/api.w.org\/{rel}","templated":true}]}}