{"id":1379,"date":"2021-05-04T12:26:41","date_gmt":"2021-05-04T09:26:41","guid":{"rendered":"http:\/\/www.kutupsogutma.net\/?post_type=product&#038;p=1379"},"modified":"2021-05-04T12:27:18","modified_gmt":"2021-05-04T09:27:18","slug":"aspirator-filtre-karbon-kucuk-135cm-ka4003","status":"publish","type":"product","link":"http:\/\/www.kutupsogutma.net\/?product=aspirator-filtre-karbon-kucuk-135cm-ka4003","title":{"rendered":"ASP\u0130RAT\u00d6R F\u0130LTRE KARBON K\u00dc\u00c7\u00dcK 13,5CM KA4003"},"content":{"rendered":"<p>ASP\u0130RAT\u00d6R F\u0130LTRE KARBON K\u00dc\u00c7\u00dcK 13,5CM KA4003<\/p>\n","protected":false},"excerpt":{"rendered":"<p>ASP\u0130RAT\u00d6R F\u0130LTRE KARBON K\u00dc\u00c7\u00dcK 13,5CM KA4003<\/p>\n","protected":false},"featured_media":1378,"comment_status":"open","ping_status":"closed","template":"","meta":[],"product_cat":[103,17],"product_tag":[1446,1447,1448],"_links":{"self":[{"href":"http:\/\/www.kutupsogutma.net\/index.php?rest_route=\/wp\/v2\/product\/1379"}],"collection":[{"href":"http:\/\/www.kutupsogutma.net\/index.php?rest_route=\/wp\/v2\/product"}],"about":[{"href":"http:\/\/www.kutupsogutma.net\/index.php?rest_route=\/wp\/v2\/types\/product"}],"replies":[{"embeddable":true,"href":"http:\/\/www.kutupsogutma.net\/index.php?rest_route=%2Fwp%2Fv2%2Fcomments&post=1379"}],"wp:featuredmedia":[{"embeddable":true,"href":"http:\/\/www.kutupsogutma.net\/index.php?rest_route=\/wp\/v2\/media\/1378"}],"wp:attachment":[{"href":"http:\/\/www.kutupsogutma.net\/index.php?rest_route=%2Fwp%2Fv2%2Fmedia&parent=1379"}],"wp:term":[{"taxonomy":"product_cat","embeddable":true,"href":"http:\/\/www.kutupsogutma.net\/index.php?rest_route=%2Fwp%2Fv2%2Fproduct_cat&post=1379"},{"taxonomy":"product_tag","embeddable":true,"href":"http:\/\/www.kutupsogutma.net\/index.php?rest_route=%2Fwp%2Fv2%2Fproduct_tag&post=1379"}],"curies":[{"name":"wp","href":"https:\/\/api.w.org\/{rel}","templated":true}]}}