{"id":1375,"date":"2021-05-04T12:24:04","date_gmt":"2021-05-04T09:24:04","guid":{"rendered":"http:\/\/www.kutupsogutma.net\/?post_type=product&#038;p=1375"},"modified":"2021-05-04T12:25:07","modified_gmt":"2021-05-04T09:25:07","slug":"aspirator-filtre-kagit-ka4001","status":"publish","type":"product","link":"http:\/\/www.kutupsogutma.net\/?product=aspirator-filtre-kagit-ka4001","title":{"rendered":"ASP\u0130RAT\u00d6R F\u0130LTRE KA\u011eIT KA4001"},"content":{"rendered":"<p>ASP\u0130RAT\u00d6R F\u0130LTRE KA\u011eIT KA4001<\/p>\n","protected":false},"excerpt":{"rendered":"<p>ASP\u0130RAT\u00d6R F\u0130LTRE KA\u011eIT KA4001<\/p>\n","protected":false},"featured_media":1376,"comment_status":"open","ping_status":"closed","template":"","meta":[],"product_cat":[103,17],"product_tag":[1444,1445],"_links":{"self":[{"href":"http:\/\/www.kutupsogutma.net\/index.php?rest_route=\/wp\/v2\/product\/1375"}],"collection":[{"href":"http:\/\/www.kutupsogutma.net\/index.php?rest_route=\/wp\/v2\/product"}],"about":[{"href":"http:\/\/www.kutupsogutma.net\/index.php?rest_route=\/wp\/v2\/types\/product"}],"replies":[{"embeddable":true,"href":"http:\/\/www.kutupsogutma.net\/index.php?rest_route=%2Fwp%2Fv2%2Fcomments&post=1375"}],"wp:featuredmedia":[{"embeddable":true,"href":"http:\/\/www.kutupsogutma.net\/index.php?rest_route=\/wp\/v2\/media\/1376"}],"wp:attachment":[{"href":"http:\/\/www.kutupsogutma.net\/index.php?rest_route=%2Fwp%2Fv2%2Fmedia&parent=1375"}],"wp:term":[{"taxonomy":"product_cat","embeddable":true,"href":"http:\/\/www.kutupsogutma.net\/index.php?rest_route=%2Fwp%2Fv2%2Fproduct_cat&post=1375"},{"taxonomy":"product_tag","embeddable":true,"href":"http:\/\/www.kutupsogutma.net\/index.php?rest_route=%2Fwp%2Fv2%2Fproduct_tag&post=1375"}],"curies":[{"name":"wp","href":"https:\/\/api.w.org\/{rel}","templated":true}]}}