{"id":1373,"date":"2021-05-04T12:22:37","date_gmt":"2021-05-04T09:22:37","guid":{"rendered":"http:\/\/www.kutupsogutma.net\/?post_type=product&#038;p=1373"},"modified":"2022-04-18T18:36:04","modified_gmt":"2022-04-18T15:36:04","slug":"aspirator-filtre-aluminyum-40x48-ka4000","status":"publish","type":"product","link":"http:\/\/www.kutupsogutma.net\/?product=aspirator-filtre-aluminyum-40x48-ka4000","title":{"rendered":"ASP\u0130RAT\u00d6R F\u0130LTRE AL\u00dcM\u0130NYUM 40&#215;48 KA4000"},"content":{"rendered":"<p>ASP\u0130RAT\u00d6R F\u0130LTRE AL\u00dcM\u0130NYUM 40&#215;48 KA4000<\/p>\n","protected":false},"excerpt":{"rendered":"<p>ASP\u0130RAT\u00d6R F\u0130LTRE AL\u00dcM\u0130NYUM 40&#215;48 KA4000<\/p>\n","protected":false},"featured_media":1374,"comment_status":"open","ping_status":"closed","template":"","meta":[],"product_cat":[103,17],"product_tag":[1443,1442],"_links":{"self":[{"href":"http:\/\/www.kutupsogutma.net\/index.php?rest_route=\/wp\/v2\/product\/1373"}],"collection":[{"href":"http:\/\/www.kutupsogutma.net\/index.php?rest_route=\/wp\/v2\/product"}],"about":[{"href":"http:\/\/www.kutupsogutma.net\/index.php?rest_route=\/wp\/v2\/types\/product"}],"replies":[{"embeddable":true,"href":"http:\/\/www.kutupsogutma.net\/index.php?rest_route=%2Fwp%2Fv2%2Fcomments&post=1373"}],"wp:featuredmedia":[{"embeddable":true,"href":"http:\/\/www.kutupsogutma.net\/index.php?rest_route=\/wp\/v2\/media\/1374"}],"wp:attachment":[{"href":"http:\/\/www.kutupsogutma.net\/index.php?rest_route=%2Fwp%2Fv2%2Fmedia&parent=1373"}],"wp:term":[{"taxonomy":"product_cat","embeddable":true,"href":"http:\/\/www.kutupsogutma.net\/index.php?rest_route=%2Fwp%2Fv2%2Fproduct_cat&post=1373"},{"taxonomy":"product_tag","embeddable":true,"href":"http:\/\/www.kutupsogutma.net\/index.php?rest_route=%2Fwp%2Fv2%2Fproduct_tag&post=1373"}],"curies":[{"name":"wp","href":"https:\/\/api.w.org\/{rel}","templated":true}]}}