{"id":1371,"date":"2021-05-04T12:21:14","date_gmt":"2021-05-04T09:21:14","guid":{"rendered":"http:\/\/www.kutupsogutma.net\/?post_type=product&#038;p=1371"},"modified":"2022-04-19T15:40:00","modified_gmt":"2022-04-19T12:40:00","slug":"su-sebili-rezistans-ka3002","status":"publish","type":"product","link":"http:\/\/www.kutupsogutma.net\/?product=su-sebili-rezistans-ka3002","title":{"rendered":"SU SEB\u0130L\u0130 REZ\u0130STANS KA3002"},"content":{"rendered":"<p>SU SEB\u0130L\u0130 REZ\u0130STANS KA3002<\/p>\n","protected":false},"excerpt":{"rendered":"<p>SU SEB\u0130L\u0130 REZ\u0130STANS KA3002<\/p>\n","protected":false},"featured_media":1372,"comment_status":"open","ping_status":"closed","template":"","meta":[],"product_cat":[17,102],"product_tag":[1441],"_links":{"self":[{"href":"http:\/\/www.kutupsogutma.net\/index.php?rest_route=\/wp\/v2\/product\/1371"}],"collection":[{"href":"http:\/\/www.kutupsogutma.net\/index.php?rest_route=\/wp\/v2\/product"}],"about":[{"href":"http:\/\/www.kutupsogutma.net\/index.php?rest_route=\/wp\/v2\/types\/product"}],"replies":[{"embeddable":true,"href":"http:\/\/www.kutupsogutma.net\/index.php?rest_route=%2Fwp%2Fv2%2Fcomments&post=1371"}],"wp:featuredmedia":[{"embeddable":true,"href":"http:\/\/www.kutupsogutma.net\/index.php?rest_route=\/wp\/v2\/media\/1372"}],"wp:attachment":[{"href":"http:\/\/www.kutupsogutma.net\/index.php?rest_route=%2Fwp%2Fv2%2Fmedia&parent=1371"}],"wp:term":[{"taxonomy":"product_cat","embeddable":true,"href":"http:\/\/www.kutupsogutma.net\/index.php?rest_route=%2Fwp%2Fv2%2Fproduct_cat&post=1371"},{"taxonomy":"product_tag","embeddable":true,"href":"http:\/\/www.kutupsogutma.net\/index.php?rest_route=%2Fwp%2Fv2%2Fproduct_tag&post=1371"}],"curies":[{"name":"wp","href":"https:\/\/api.w.org\/{rel}","templated":true}]}}