{"id":1368,"date":"2021-05-04T12:20:31","date_gmt":"2021-05-04T09:20:31","guid":{"rendered":"http:\/\/www.kutupsogutma.net\/?post_type=product&#038;p=1368"},"modified":"2022-04-15T08:13:48","modified_gmt":"2022-04-15T05:13:48","slug":"su-sebili-musluk-mavi-ka3001","status":"publish","type":"product","link":"http:\/\/www.kutupsogutma.net\/?product=su-sebili-musluk-mavi-ka3001","title":{"rendered":"SU SEB\u0130L\u0130 MUSLUK MAV\u0130 KA3001"},"content":{"rendered":"<p>SU SEB\u0130L\u0130 MUSLUK MAV\u0130 KA3001<\/p>\n","protected":false},"excerpt":{"rendered":"<p>SU SEB\u0130L\u0130 MUSLUK MAV\u0130 KA3001<\/p>\n","protected":false},"featured_media":1369,"comment_status":"open","ping_status":"closed","template":"","meta":[],"product_cat":[17,102],"product_tag":[1440],"_links":{"self":[{"href":"http:\/\/www.kutupsogutma.net\/index.php?rest_route=\/wp\/v2\/product\/1368"}],"collection":[{"href":"http:\/\/www.kutupsogutma.net\/index.php?rest_route=\/wp\/v2\/product"}],"about":[{"href":"http:\/\/www.kutupsogutma.net\/index.php?rest_route=\/wp\/v2\/types\/product"}],"replies":[{"embeddable":true,"href":"http:\/\/www.kutupsogutma.net\/index.php?rest_route=%2Fwp%2Fv2%2Fcomments&post=1368"}],"wp:featuredmedia":[{"embeddable":true,"href":"http:\/\/www.kutupsogutma.net\/index.php?rest_route=\/wp\/v2\/media\/1369"}],"wp:attachment":[{"href":"http:\/\/www.kutupsogutma.net\/index.php?rest_route=%2Fwp%2Fv2%2Fmedia&parent=1368"}],"wp:term":[{"taxonomy":"product_cat","embeddable":true,"href":"http:\/\/www.kutupsogutma.net\/index.php?rest_route=%2Fwp%2Fv2%2Fproduct_cat&post=1368"},{"taxonomy":"product_tag","embeddable":true,"href":"http:\/\/www.kutupsogutma.net\/index.php?rest_route=%2Fwp%2Fv2%2Fproduct_tag&post=1368"}],"curies":[{"name":"wp","href":"https:\/\/api.w.org\/{rel}","templated":true}]}}