{"id":1366,"date":"2021-05-04T12:19:35","date_gmt":"2021-05-04T09:19:35","guid":{"rendered":"http:\/\/www.kutupsogutma.net\/?post_type=product&#038;p=1366"},"modified":"2021-05-04T12:20:21","modified_gmt":"2021-05-04T09:20:21","slug":"su-sebili-musluk-kirmizi-ka3000","status":"publish","type":"product","link":"http:\/\/www.kutupsogutma.net\/?product=su-sebili-musluk-kirmizi-ka3000","title":{"rendered":"SU SEB\u0130L\u0130 MUSLUK KIRMIZI KA3000"},"content":{"rendered":"<p>SU SEB\u0130L\u0130 MUSLUK KIRMIZI KA3000<\/p>\n","protected":false},"excerpt":{"rendered":"<p>SU SEB\u0130L\u0130 MUSLUK KIRMIZI KA3000<\/p>\n","protected":false},"featured_media":1367,"comment_status":"open","ping_status":"closed","template":"","meta":[],"product_cat":[17,102],"product_tag":[1440],"_links":{"self":[{"href":"http:\/\/www.kutupsogutma.net\/index.php?rest_route=\/wp\/v2\/product\/1366"}],"collection":[{"href":"http:\/\/www.kutupsogutma.net\/index.php?rest_route=\/wp\/v2\/product"}],"about":[{"href":"http:\/\/www.kutupsogutma.net\/index.php?rest_route=\/wp\/v2\/types\/product"}],"replies":[{"embeddable":true,"href":"http:\/\/www.kutupsogutma.net\/index.php?rest_route=%2Fwp%2Fv2%2Fcomments&post=1366"}],"wp:featuredmedia":[{"embeddable":true,"href":"http:\/\/www.kutupsogutma.net\/index.php?rest_route=\/wp\/v2\/media\/1367"}],"wp:attachment":[{"href":"http:\/\/www.kutupsogutma.net\/index.php?rest_route=%2Fwp%2Fv2%2Fmedia&parent=1366"}],"wp:term":[{"taxonomy":"product_cat","embeddable":true,"href":"http:\/\/www.kutupsogutma.net\/index.php?rest_route=%2Fwp%2Fv2%2Fproduct_cat&post=1366"},{"taxonomy":"product_tag","embeddable":true,"href":"http:\/\/www.kutupsogutma.net\/index.php?rest_route=%2Fwp%2Fv2%2Fproduct_tag&post=1366"}],"curies":[{"name":"wp","href":"https:\/\/api.w.org\/{rel}","templated":true}]}}