{"id":1364,"date":"2021-05-04T12:18:48","date_gmt":"2021-05-04T09:18:48","guid":{"rendered":"http:\/\/www.kutupsogutma.net\/?post_type=product&#038;p=1364"},"modified":"2021-05-04T12:19:26","modified_gmt":"2021-05-04T09:19:26","slug":"utu-ufo-semaver-tost-termostat-cevirmeli-08-ka2009","status":"publish","type":"product","link":"http:\/\/www.kutupsogutma.net\/?product=utu-ufo-semaver-tost-termostat-cevirmeli-08-ka2009","title":{"rendered":"\u00dcT\u00dc UFO SEMAVER TOST TERMOSTAT \u00c7EV\u0130RMEL\u0130 08 KA2009"},"content":{"rendered":"<p>\u00dcT\u00dc UFO SEMAVER TOST TERMOSTAT \u00c7EV\u0130RMEL\u0130 08 KA2009<\/p>\n","protected":false},"excerpt":{"rendered":"<p>\u00dcT\u00dc UFO SEMAVER TOST TERMOSTAT \u00c7EV\u0130RMEL\u0130 08 KA2009<\/p>\n","protected":false},"featured_media":1365,"comment_status":"open","ping_status":"closed","template":"","meta":[],"product_cat":[17,101],"product_tag":[1437,1435,1434,1436,1439,1438,1433],"_links":{"self":[{"href":"http:\/\/www.kutupsogutma.net\/index.php?rest_route=\/wp\/v2\/product\/1364"}],"collection":[{"href":"http:\/\/www.kutupsogutma.net\/index.php?rest_route=\/wp\/v2\/product"}],"about":[{"href":"http:\/\/www.kutupsogutma.net\/index.php?rest_route=\/wp\/v2\/types\/product"}],"replies":[{"embeddable":true,"href":"http:\/\/www.kutupsogutma.net\/index.php?rest_route=%2Fwp%2Fv2%2Fcomments&post=1364"}],"wp:featuredmedia":[{"embeddable":true,"href":"http:\/\/www.kutupsogutma.net\/index.php?rest_route=\/wp\/v2\/media\/1365"}],"wp:attachment":[{"href":"http:\/\/www.kutupsogutma.net\/index.php?rest_route=%2Fwp%2Fv2%2Fmedia&parent=1364"}],"wp:term":[{"taxonomy":"product_cat","embeddable":true,"href":"http:\/\/www.kutupsogutma.net\/index.php?rest_route=%2Fwp%2Fv2%2Fproduct_cat&post=1364"},{"taxonomy":"product_tag","embeddable":true,"href":"http:\/\/www.kutupsogutma.net\/index.php?rest_route=%2Fwp%2Fv2%2Fproduct_tag&post=1364"}],"curies":[{"name":"wp","href":"https:\/\/api.w.org\/{rel}","templated":true}]}}